{"id":5288,"date":"2025-09-25T10:46:41","date_gmt":"2025-09-25T08:46:41","guid":{"rendered":"http:\/\/dino-online.lu.dedi2324.your-server.de\/servicer\/"},"modified":"2025-10-22T14:09:17","modified_gmt":"2025-10-22T12:09:17","slug":"servicer","status":"publish","type":"page","link":"https:\/\/dino-online.lu\/lb\/servicer\/","title":{"rendered":"Servicer"},"content":{"rendered":"\t\t<div data-elementor-type=\"wp-page\" data-elementor-id=\"5288\" class=\"elementor elementor-5288 elementor-3608\" data-elementor-post-type=\"page\">\n\t\t\t\t<div class=\"elementor-element elementor-element-69e1129 e-grid e-con-boxed e-con e-parent\" data-id=\"69e1129\" data-element_type=\"container\" data-e-type=\"container\" data-settings=\"{&quot;background_background&quot;:&quot;classic&quot;}\">\n\t\t\t\t\t<div class=\"e-con-inner\">\n\t\t<div class=\"elementor-element elementor-element-084522b e-flex e-con-boxed e-con e-child\" data-id=\"084522b\" data-element_type=\"container\" data-e-type=\"container\" data-settings=\"{&quot;background_background&quot;:&quot;classic&quot;}\">\n\t\t\t\t\t<div class=\"e-con-inner\">\n\t\t\t\t<div class=\"elementor-element elementor-element-2874a94 elementor-widget__width-initial elementor-widget-tablet__width-initial elementor-widget-mobile__width-initial elementor-widget elementor-widget-heading\" data-id=\"2874a94\" data-element_type=\"widget\" data-e-type=\"widget\" data-widget_type=\"heading.default\">\n\t\t\t\t\t<h1 class=\"elementor-heading-title elementor-size-default\">Eis Servicer<\/h1>\t\t\t\t<\/div>\n\t\t\t\t<div class=\"elementor-element elementor-element-51cedbd elementor-hidden-desktop elementor-hidden-tablet elementor-widget elementor-widget-video\" data-id=\"51cedbd\" data-element_type=\"widget\" data-e-type=\"widget\" data-settings=\"{&quot;video_type&quot;:&quot;hosted&quot;,&quot;autoplay&quot;:&quot;yes&quot;,&quot;play_on_mobile&quot;:&quot;yes&quot;,&quot;mute&quot;:&quot;yes&quot;,&quot;loop&quot;:&quot;yes&quot;}\" data-widget_type=\"video.default\">\n\t\t\t\t\t\t\t<div class=\"e-hosted-video elementor-wrapper elementor-open-inline\">\n\t\t\t\t\t<video class=\"elementor-video\" src=\"http:\/\/dino-online.lu\/wp-content\/uploads\/2025\/10\/01-SSYouTube.online_DINO_WORK-Carreleur_1080p-1.mp4\" autoplay=\"\" loop=\"\" muted=\"muted\" playsinline=\"\" controlsList=\"nodownload\"><\/video>\n\t\t\t\t<\/div>\n\t\t\t\t\t\t<\/div>\n\t\t\t\t\t<\/div>\n\t\t\t\t<\/div>\n\t\t<div class=\"elementor-element elementor-element-34c7f39 e-con-full e-flex e-con e-child\" data-id=\"34c7f39\" data-element_type=\"container\" data-e-type=\"container\" data-settings=\"{&quot;background_background&quot;:&quot;classic&quot;}\">\n\t\t<div class=\"elementor-element elementor-element-aa3b43f e-con-full e-flex e-con e-child\" data-id=\"aa3b43f\" data-element_type=\"container\" data-e-type=\"container\">\n\t\t\t\t<div class=\"elementor-element elementor-element-6012ff2 elementor-widget elementor-widget-heading\" data-id=\"6012ff2\" data-element_type=\"widget\" data-e-type=\"widget\" data-widget_type=\"heading.default\">\n\t\t\t\t\t<h2 class=\"elementor-heading-title elementor-size-default\">D'Pose vu Pl\u00e4ttercher a neie Bauprojete<\/h2>\t\t\t\t<\/div>\n\t\t\t\t<div class=\"elementor-element elementor-element-70d353f elementor-widget elementor-widget-text-editor\" data-id=\"70d353f\" data-element_type=\"widget\" data-e-type=\"widget\" data-widget_type=\"text-editor.default\">\n\t\t\t\t\t\t\t\t\t<p>Breetgef\u00e4chert Betreiung vu Privatclienten, Architekten, Promoteuren an aner Fachleit: Auswiel vun de Materialien, fachgerecht Pose a Koordinatioun mat aner Betriber fir en nohaltegt Resultat op Mooss.<\/p>\t\t\t\t\t\t\t\t<\/div>\n\t\t\t\t<\/div>\n\t\t\t\t<\/div>\n\t\t<div class=\"elementor-element elementor-element-ba8030c e-con-full e-flex e-con e-child\" data-id=\"ba8030c\" data-element_type=\"container\" data-e-type=\"container\" data-settings=\"{&quot;background_background&quot;:&quot;classic&quot;}\">\n\t\t<div class=\"elementor-element elementor-element-6ff64c0 e-con-full e-flex e-con e-child\" data-id=\"6ff64c0\" data-element_type=\"container\" data-e-type=\"container\">\n\t\t\t\t<div class=\"elementor-element elementor-element-68e3d21 elementor-widget elementor-widget-heading\" data-id=\"68e3d21\" data-element_type=\"widget\" data-e-type=\"widget\" data-widget_type=\"heading.default\">\n\t\t\t\t\t<h2 class=\"elementor-heading-title elementor-size-default\">Schl\u00ebsself\u00e4erdeg Buedz\u00ebmmeren <\/h2>\t\t\t\t<\/div>\n\t\t\t\t<div class=\"elementor-element elementor-element-99b8ff3 elementor-widget elementor-widget-text-editor\" data-id=\"99b8ff3\" data-element_type=\"widget\" data-e-type=\"widget\" data-widget_type=\"text-editor.default\">\n\t\t\t\t\t\t\t\t\t<p>Gestaltung vu komplette Buedz\u00ebmmeren, prett fir de Gebrauch. Getrei nom Motto \u201eHappy to be different\u201c bidde mir Iech eng exklusiv Auswiel u Miwwel- a Sanit\u00e4rmarken un. Mir koordin\u00e9ieren all Etapp, vun de Pl\u00e4ttercher bis zu de Miwwelen, vun der Beliichtung bis zur Ausstattung, fir en eenzegaartegen, funktionellen an elegante Raum ze schafen.  <\/p>\t\t\t\t\t\t\t\t<\/div>\n\t\t\t\t<\/div>\n\t\t\t\t<\/div>\n\t\t<div class=\"elementor-element elementor-element-1bb6fb9 elementor-hidden-mobile e-flex e-con-boxed e-con e-child\" data-id=\"1bb6fb9\" data-element_type=\"container\" data-e-type=\"container\">\n\t\t\t\t\t<div class=\"e-con-inner\">\n\t\t\t\t<div class=\"elementor-element elementor-element-73ec21a elementor-hidden-mobile elementor-widget elementor-widget-video\" data-id=\"73ec21a\" data-element_type=\"widget\" data-e-type=\"widget\" data-settings=\"{&quot;video_type&quot;:&quot;hosted&quot;,&quot;autoplay&quot;:&quot;yes&quot;,&quot;mute&quot;:&quot;yes&quot;,&quot;loop&quot;:&quot;yes&quot;}\" data-widget_type=\"video.default\">\n\t\t\t\t\t\t\t<div class=\"e-hosted-video elementor-wrapper elementor-open-inline\">\n\t\t\t\t\t<video class=\"elementor-video\" src=\"http:\/\/dino-online.lu\/wp-content\/uploads\/2025\/10\/01-SSYouTube.online_DINO_WORK-Carreleur_1080p.mp4\" autoplay=\"\" loop=\"\" muted=\"muted\" controlsList=\"nodownload\"><\/video>\n\t\t\t\t<\/div>\n\t\t\t\t\t\t<\/div>\n\t\t\t\t\t<\/div>\n\t\t\t\t<\/div>\n\t\t<div class=\"elementor-element elementor-element-ca69d2e elementor-hidden-mobile e-flex e-con-boxed e-con e-child\" data-id=\"ca69d2e\" data-element_type=\"container\" data-e-type=\"container\">\n\t\t\t\t\t<div class=\"e-con-inner\">\n\t\t\t\t<div class=\"elementor-element elementor-element-0c0d92b elementor-widget elementor-widget-video\" data-id=\"0c0d92b\" data-element_type=\"widget\" data-e-type=\"widget\" data-settings=\"{&quot;video_type&quot;:&quot;hosted&quot;,&quot;autoplay&quot;:&quot;yes&quot;,&quot;mute&quot;:&quot;yes&quot;,&quot;loop&quot;:&quot;yes&quot;}\" data-widget_type=\"video.default\">\n\t\t\t\t\t\t\t<div class=\"e-hosted-video elementor-wrapper elementor-open-inline\">\n\t\t\t\t\t<video class=\"elementor-video\" src=\"http:\/\/dino-online.lu\/wp-content\/uploads\/2025\/10\/02-SSYouTube.online_DINO_WORK-Carreleur_1080p1-Trim.mp4\" autoplay=\"\" loop=\"\" muted=\"muted\" controlsList=\"nodownload\"><\/video>\n\t\t\t\t<\/div>\n\t\t\t\t\t\t<\/div>\n\t\t\t\t\t<\/div>\n\t\t\t\t<\/div>\n\t\t<div class=\"elementor-element elementor-element-e16ec95 e-flex e-con-boxed e-con e-child\" data-id=\"e16ec95\" data-element_type=\"container\" data-e-type=\"container\">\n\t\t\t\t\t<div class=\"e-con-inner\">\n\t\t<div class=\"elementor-element elementor-element-a53c015 e-con-full e-flex e-con e-child\" data-id=\"a53c015\" data-element_type=\"container\" data-e-type=\"container\">\n\t\t\t\t<div class=\"elementor-element elementor-element-537994c elementor-widget elementor-widget-heading\" data-id=\"537994c\" data-element_type=\"widget\" data-e-type=\"widget\" data-widget_type=\"heading.default\">\n\t\t\t\t\t<h2 class=\"elementor-heading-title elementor-size-default\">Renovatioun<\/h2>\t\t\t\t<\/div>\n\t\t\t\t<div class=\"elementor-element elementor-element-c44f8e6 elementor-widget elementor-widget-text-editor\" data-id=\"c44f8e6\" data-element_type=\"widget\" data-e-type=\"widget\" data-widget_type=\"text-editor.default\">\n\t\t\t\t\t\t\t\t\t<p>Renovatiounen op Mooss fir bannen a baussen, Buedz\u00ebmmer abegraff matt der Pose vun de Pl\u00e4ttercher. Mir k\u00ebmmeren eis \u00ebm all Schratt: Modernis\u00e9ierung, Austausch vu Materialien a d&#8217;Koordinatioun vun den Aarbechten, fir e funktionellt an harmonescht Resultat. <\/p>\t\t\t\t\t\t\t\t<\/div>\n\t\t\t\t<\/div>\n\t\t\t\t\t<\/div>\n\t\t\t\t<\/div>\n\t\t<div class=\"elementor-element elementor-element-3cdd876 e-flex e-con-boxed e-con e-child\" data-id=\"3cdd876\" data-element_type=\"container\" data-e-type=\"container\">\n\t\t\t\t\t<div class=\"e-con-inner\">\n\t\t<div class=\"elementor-element elementor-element-68cd503 e-con-full e-flex e-con e-child\" data-id=\"68cd503\" data-element_type=\"container\" data-e-type=\"container\">\n\t\t\t\t<div class=\"elementor-element elementor-element-66530e8 elementor-widget elementor-widget-heading\" data-id=\"66530e8\" data-element_type=\"widget\" data-e-type=\"widget\" data-widget_type=\"heading.default\">\n\t\t\t\t\t<h2 class=\"elementor-heading-title elementor-size-default\">Gestaltung vum Bausseber\u00e4ich<\/h2>\t\t\t\t<\/div>\n\t\t\t\t<div class=\"elementor-element elementor-element-6a548cc elementor-widget elementor-widget-text-editor\" data-id=\"6a548cc\" data-element_type=\"widget\" data-e-type=\"widget\" data-widget_type=\"text-editor.default\">\n\t\t\t\t\t\t\t\t\t<p>D&#8217;Pose vu Pl\u00e4ttercher fir Terrassen, Patios a Schw\u00e4mmen. Wiederbest\u00e4ndeg Materialien, Berodung zum Design a Stil fir funktionell a harmonesch Bausseber\u00e4icher. <\/p>\t\t\t\t\t\t\t\t<\/div>\n\t\t\t\t<\/div>\n\t\t\t\t\t<\/div>\n\t\t\t\t<\/div>\n\t\t<div class=\"elementor-element elementor-element-28a4b63 e-flex e-con-boxed e-con e-child\" data-id=\"28a4b63\" data-element_type=\"container\" data-e-type=\"container\">\n\t\t\t\t\t<div class=\"e-con-inner\">\n\t\t<div class=\"elementor-element elementor-element-651453c e-con-full e-flex e-con e-child\" data-id=\"651453c\" data-element_type=\"container\" data-e-type=\"container\">\n\t\t\t\t<div class=\"elementor-element elementor-element-2d8984a elementor-widget elementor-widget-heading\" data-id=\"2d8984a\" data-element_type=\"widget\" data-e-type=\"widget\" data-widget_type=\"heading.default\">\n\t\t\t\t\t<h2 class=\"elementor-heading-title elementor-size-default\">Reparatur<\/h2>\t\t\t\t<\/div>\n\t\t\t\t<div class=\"elementor-element elementor-element-3a4350e elementor-widget elementor-widget-text-editor\" data-id=\"3a4350e\" data-element_type=\"widget\" data-e-type=\"widget\" data-widget_type=\"text-editor.default\">\n\t\t\t\t\t\t\t\t\t<p>Reparatur oder Austausch vun beschiedegte Pl\u00e4ttercher, deelweis oder komplett Aarbechten, fir d&#8217;Laangliewegkeet an d&#8217;\u00c4sthetik vun \u00c4re Raim b\u00e4izebehalen.<\/p>\t\t\t\t\t\t\t\t<\/div>\n\t\t\t\t<\/div>\n\t\t\t\t\t<\/div>\n\t\t\t\t<\/div>\n\t\t\t\t\t<\/div>\n\t\t\t\t<\/div>\n\t\t\t\t<\/div>\n\t\t","protected":false},"excerpt":{"rendered":"<p>Eis Servicer https:\/\/dino-online.lu\/wp-content\/uploads\/2025\/10\/01-SSYouTube.online_DINO_WORK-Carreleur_1080p-1.mp4 D&#8217;Pose vu Pl\u00e4ttercher a neie Bauprojete Breetgef\u00e4chert Betreiung vu Privatclienten, Architekten, Promoteuren an aner Fachleit: Auswiel vun de Materialien, fachgerecht Pose a Koordinatioun mat aner Betriber fir en nohaltegt Resultat op Mooss. Schl\u00ebsself\u00e4erdeg Buedz\u00ebmmeren Gestaltung vu komplette Buedz\u00ebmmeren, prett fir de Gebrauch. Getrei nom Motto \u201eHappy to be different\u201c bidde mir Iech [&hellip;]<\/p>\n","protected":false},"author":1,"featured_media":0,"parent":0,"menu_order":0,"comment_status":"closed","ping_status":"closed","template":"","meta":{"footnotes":""},"class_list":["post-5288","page","type-page","status-publish","hentry"],"_links":{"self":[{"href":"https:\/\/dino-online.lu\/lb\/wp-json\/wp\/v2\/pages\/5288","targetHints":{"allow":["GET"]}}],"collection":[{"href":"https:\/\/dino-online.lu\/lb\/wp-json\/wp\/v2\/pages"}],"about":[{"href":"https:\/\/dino-online.lu\/lb\/wp-json\/wp\/v2\/types\/page"}],"author":[{"embeddable":true,"href":"https:\/\/dino-online.lu\/lb\/wp-json\/wp\/v2\/users\/1"}],"replies":[{"embeddable":true,"href":"https:\/\/dino-online.lu\/lb\/wp-json\/wp\/v2\/comments?post=5288"}],"version-history":[{"count":0,"href":"https:\/\/dino-online.lu\/lb\/wp-json\/wp\/v2\/pages\/5288\/revisions"}],"wp:attachment":[{"href":"https:\/\/dino-online.lu\/lb\/wp-json\/wp\/v2\/media?parent=5288"}],"curies":[{"name":"wp","href":"https:\/\/api.w.org\/{rel}","templated":true}]}}