{"id":5282,"date":"2025-09-25T10:46:41","date_gmt":"2025-09-25T08:46:41","guid":{"rendered":"http:\/\/dino-online.lu.dedi2324.your-server.de\/montini-design-collection\/"},"modified":"2025-10-22T13:44:26","modified_gmt":"2025-10-22T11:44:26","slug":"montini-design-collection","status":"publish","type":"page","link":"https:\/\/dino-online.lu\/lb\/montini-design-collection\/","title":{"rendered":"Montini Design Collection"},"content":{"rendered":"\t\t<div data-elementor-type=\"wp-page\" data-elementor-id=\"5282\" class=\"elementor elementor-5282 elementor-3613\" data-elementor-post-type=\"page\">\n\t\t\t\t<div class=\"elementor-element elementor-element-ab92c8b e-flex e-con-boxed e-con e-parent\" data-id=\"ab92c8b\" data-element_type=\"container\" data-e-type=\"container\">\n\t\t\t\t\t<div class=\"e-con-inner\">\n\t\t<div class=\"elementor-element elementor-element-93126e6 e-con-full e-flex e-con e-child\" data-id=\"93126e6\" data-element_type=\"container\" data-e-type=\"container\">\n\t\t<div class=\"elementor-element elementor-element-858871e e-con-full e-flex e-con e-child\" data-id=\"858871e\" data-element_type=\"container\" data-e-type=\"container\">\n\t\t\t\t<div class=\"elementor-element elementor-element-10cbefe elementor-widget elementor-widget-heading\" data-id=\"10cbefe\" data-element_type=\"widget\" data-e-type=\"widget\" data-widget_type=\"heading.default\">\n\t\t\t\t\t<h1 class=\"elementor-heading-title elementor-size-default\">Montini Design Collection<\/h1>\t\t\t\t<\/div>\n\t\t\t\t<\/div>\n\t\t\t\t<\/div>\n\t\t<div class=\"elementor-element elementor-element-1f9bf04 e-con-full e-flex e-con e-child\" data-id=\"1f9bf04\" data-element_type=\"container\" data-e-type=\"container\">\n\t\t<div class=\"elementor-element elementor-element-ba39999 e-con-full e-flex e-con e-child\" data-id=\"ba39999\" data-element_type=\"container\" data-e-type=\"container\">\n\t\t\t\t<div class=\"elementor-element elementor-element-0843c16 elementor-widget elementor-widget-text-editor\" data-id=\"0843c16\" data-element_type=\"widget\" data-e-type=\"widget\" data-widget_type=\"text-editor.default\">\n\t\t\t\t\t\t\t\t\t<div id=\"bgLayers_comp-mfle57p56\" class=\"MW5IWV\" data-hook=\"bgLayers\" data-motion-part=\"BG_LAYER comp-mfle57p56\"><section id=\"comp-mfle57oy\" class=\"Oqnisf comp-mfle57oy wixui-section\" tabindex=\"-1\" data-block-level-container=\"ClassicSection\"><div class=\"\" data-mesh-id=\"comp-mfle57oyinlineContent\" data-testid=\"inline-content\"><div data-mesh-id=\"comp-mfle57oyinlineContent-gridContainer\" data-testid=\"mesh-container-content\"><section id=\"comp-mfle57p11\" class=\"comp-mfle57p11 CohWsy wixui-column-strip\"><div class=\"V5AUxf\" data-testid=\"columns\"><div id=\"comp-mfle57p56\" class=\"comp-mfle57p56 YzqVVZ wixui-column-strip__column\"><div class=\"\" data-mesh-id=\"comp-mfle57p56inlineContent\" data-testid=\"inline-content\"><div data-mesh-id=\"comp-mfle57p56inlineContent-gridContainer\" data-testid=\"mesh-container-content\"><div id=\"comp-mfle57p66\" class=\"s0rHfl\"><div id=\"text-content-comp-mfle57p66\" class=\"Z_l5lU ku3DBC zQ9jDz comp-mfle57p66 wixui-rich-text\" data-testid=\"richTextElement\"><p class=\"font_7 wixui-rich-text__text\"><span class=\"wixui-rich-text__text\">D&#8217;Montini Design Collection, eis eege Pl\u00e4tterchersgamme, vereenegt italieeneschen Design, Liewensdauer an z\u00e4itlos Eleganz.<\/span><\/p><p class=\"font_7 wixui-rich-text__text\"><span class=\"wixui-rich-text__text\">\u00c4re Projet verd\u00e9ngt eppes Aussergew\u00e9inleches: Entdeckt d&#8217;Kollektioun vu Montini Design Collection an eisem Showroom zu Dikrech a loosst Iech inspir\u00e9ieren.<\/span><\/p><\/div><\/div><\/div><\/div><\/div><\/div><\/section><\/div><\/div><\/section><\/div>\t\t\t\t\t\t\t\t<\/div>\n\t\t\t\t<\/div>\n\t\t\t\t<\/div>\n\t\t\t\t\t<\/div>\n\t\t\t\t<\/div>\n\t\t<div class=\"elementor-element elementor-element-410cf2a e-flex e-con-boxed e-con e-parent\" data-id=\"410cf2a\" data-element_type=\"container\" data-e-type=\"container\">\n\t\t\t\t\t<div class=\"e-con-inner\">\n\t\t\t\t<div class=\"elementor-element elementor-element-1ab0747 elementor-widget elementor-widget-gallery\" data-id=\"1ab0747\" data-element_type=\"widget\" data-e-type=\"widget\" data-settings=\"{&quot;gallery_layout&quot;:&quot;masonry&quot;,&quot;lazyload&quot;:&quot;yes&quot;,&quot;columns&quot;:4,&quot;columns_tablet&quot;:2,&quot;columns_mobile&quot;:1,&quot;gap&quot;:{&quot;unit&quot;:&quot;px&quot;,&quot;size&quot;:10,&quot;sizes&quot;:[]},&quot;gap_tablet&quot;:{&quot;unit&quot;:&quot;px&quot;,&quot;size&quot;:10,&quot;sizes&quot;:[]},&quot;gap_mobile&quot;:{&quot;unit&quot;:&quot;px&quot;,&quot;size&quot;:10,&quot;sizes&quot;:[]},&quot;link_to&quot;:&quot;file&quot;,&quot;overlay_background&quot;:&quot;yes&quot;,&quot;content_hover_animation&quot;:&quot;fade-in&quot;}\" data-widget_type=\"gallery.default\">\n\t\t\t\t\t\t\t<div class=\"elementor-gallery__container\">\n\t\t\t\t\t\t\t<a class=\"e-gallery-item elementor-gallery-item elementor-animated-content\" href=\"https:\/\/dino-online.lu\/wp-content\/uploads\/2020\/03\/Montini-12.jpg\" data-elementor-open-lightbox=\"yes\" data-elementor-lightbox-slideshow=\"1ab0747\" data-elementor-lightbox-title=\"Montini 12\" data-e-action-hash=\"#elementor-action%3Aaction%3Dlightbox%26settings%3DeyJpZCI6Mjc5MCwidXJsIjoiaHR0cHM6XC9cL2Rpbm8tb25saW5lLmx1XC93cC1jb250ZW50XC91cGxvYWRzXC8yMDIwXC8wM1wvTW9udGluaS0xMi5qcGciLCJzbGlkZXNob3ciOiIxYWIwNzQ3In0%3D\">\n\t\t\t\t\t<div class=\"e-gallery-image elementor-gallery-item__image\" data-thumbnail=\"https:\/\/dino-online.lu\/wp-content\/uploads\/2020\/03\/Montini-12-300x200.jpg\" data-width=\"300\" data-height=\"200\" aria-label=\"\" role=\"img\" ><\/div>\n\t\t\t\t\t\t\t\t\t\t\t<div class=\"elementor-gallery-item__overlay\"><\/div>\n\t\t\t\t\t\t\t\t\t\t\t\t\t\t<\/a>\n\t\t\t\t\t\t\t<a class=\"e-gallery-item elementor-gallery-item elementor-animated-content\" href=\"https:\/\/dino-online.lu\/wp-content\/uploads\/2020\/03\/Montini-14.jpg\" data-elementor-open-lightbox=\"yes\" data-elementor-lightbox-slideshow=\"1ab0747\" data-elementor-lightbox-title=\"Montini 14\" data-e-action-hash=\"#elementor-action%3Aaction%3Dlightbox%26settings%3DeyJpZCI6MjgwMiwidXJsIjoiaHR0cHM6XC9cL2Rpbm8tb25saW5lLmx1XC93cC1jb250ZW50XC91cGxvYWRzXC8yMDIwXC8wM1wvTW9udGluaS0xNC5qcGciLCJzbGlkZXNob3ciOiIxYWIwNzQ3In0%3D\">\n\t\t\t\t\t<div class=\"e-gallery-image elementor-gallery-item__image\" data-thumbnail=\"https:\/\/dino-online.lu\/wp-content\/uploads\/2020\/03\/Montini-14-200x300.jpg\" data-width=\"200\" data-height=\"300\" aria-label=\"\" role=\"img\" ><\/div>\n\t\t\t\t\t\t\t\t\t\t\t<div class=\"elementor-gallery-item__overlay\"><\/div>\n\t\t\t\t\t\t\t\t\t\t\t\t\t\t<\/a>\n\t\t\t\t\t\t\t<a class=\"e-gallery-item elementor-gallery-item elementor-animated-content\" href=\"https:\/\/dino-online.lu\/wp-content\/uploads\/2020\/03\/Montini-39.jpg\" data-elementor-open-lightbox=\"yes\" data-elementor-lightbox-slideshow=\"1ab0747\" data-elementor-lightbox-title=\"Montini 39\" data-e-action-hash=\"#elementor-action%3Aaction%3Dlightbox%26settings%3DeyJpZCI6MjgxOCwidXJsIjoiaHR0cHM6XC9cL2Rpbm8tb25saW5lLmx1XC93cC1jb250ZW50XC91cGxvYWRzXC8yMDIwXC8wM1wvTW9udGluaS0zOS5qcGciLCJzbGlkZXNob3ciOiIxYWIwNzQ3In0%3D\">\n\t\t\t\t\t<div class=\"e-gallery-image elementor-gallery-item__image\" data-thumbnail=\"https:\/\/dino-online.lu\/wp-content\/uploads\/2020\/03\/Montini-39-300x200.jpg\" data-width=\"300\" data-height=\"200\" aria-label=\"\" role=\"img\" ><\/div>\n\t\t\t\t\t\t\t\t\t\t\t<div class=\"elementor-gallery-item__overlay\"><\/div>\n\t\t\t\t\t\t\t\t\t\t\t\t\t\t<\/a>\n\t\t\t\t\t\t\t<a class=\"e-gallery-item elementor-gallery-item elementor-animated-content\" href=\"https:\/\/dino-online.lu\/wp-content\/uploads\/2020\/03\/Montini-75.jpg\" data-elementor-open-lightbox=\"yes\" data-elementor-lightbox-slideshow=\"1ab0747\" data-elementor-lightbox-title=\"Montini 75\" data-e-action-hash=\"#elementor-action%3Aaction%3Dlightbox%26settings%3DeyJpZCI6MjgyNiwidXJsIjoiaHR0cHM6XC9cL2Rpbm8tb25saW5lLmx1XC93cC1jb250ZW50XC91cGxvYWRzXC8yMDIwXC8wM1wvTW9udGluaS03NS5qcGciLCJzbGlkZXNob3ciOiIxYWIwNzQ3In0%3D\">\n\t\t\t\t\t<div class=\"e-gallery-image elementor-gallery-item__image\" data-thumbnail=\"https:\/\/dino-online.lu\/wp-content\/uploads\/2020\/03\/Montini-75-200x300.jpg\" data-width=\"200\" data-height=\"300\" aria-label=\"\" role=\"img\" ><\/div>\n\t\t\t\t\t\t\t\t\t\t\t<div class=\"elementor-gallery-item__overlay\"><\/div>\n\t\t\t\t\t\t\t\t\t\t\t\t\t\t<\/a>\n\t\t\t\t\t\t\t<a class=\"e-gallery-item elementor-gallery-item elementor-animated-content\" href=\"https:\/\/dino-online.lu\/wp-content\/uploads\/2020\/03\/Montini-60.jpg\" data-elementor-open-lightbox=\"yes\" data-elementor-lightbox-slideshow=\"1ab0747\" data-elementor-lightbox-title=\"Montini 60\" data-e-action-hash=\"#elementor-action%3Aaction%3Dlightbox%26settings%3DeyJpZCI6MjgyMiwidXJsIjoiaHR0cHM6XC9cL2Rpbm8tb25saW5lLmx1XC93cC1jb250ZW50XC91cGxvYWRzXC8yMDIwXC8wM1wvTW9udGluaS02MC5qcGciLCJzbGlkZXNob3ciOiIxYWIwNzQ3In0%3D\">\n\t\t\t\t\t<div class=\"e-gallery-image elementor-gallery-item__image\" data-thumbnail=\"https:\/\/dino-online.lu\/wp-content\/uploads\/2020\/03\/Montini-60-300x200.jpg\" data-width=\"300\" data-height=\"200\" aria-label=\"\" role=\"img\" ><\/div>\n\t\t\t\t\t\t\t\t\t\t\t<div class=\"elementor-gallery-item__overlay\"><\/div>\n\t\t\t\t\t\t\t\t\t\t\t\t\t\t<\/a>\n\t\t\t\t\t\t\t<a class=\"e-gallery-item elementor-gallery-item elementor-animated-content\" href=\"https:\/\/dino-online.lu\/wp-content\/uploads\/2020\/03\/Montini-81.jpg\" data-elementor-open-lightbox=\"yes\" data-elementor-lightbox-slideshow=\"1ab0747\" data-elementor-lightbox-title=\"Montini 81\" data-e-action-hash=\"#elementor-action%3Aaction%3Dlightbox%26settings%3DeyJpZCI6MjgzNCwidXJsIjoiaHR0cHM6XC9cL2Rpbm8tb25saW5lLmx1XC93cC1jb250ZW50XC91cGxvYWRzXC8yMDIwXC8wM1wvTW9udGluaS04MS5qcGciLCJzbGlkZXNob3ciOiIxYWIwNzQ3In0%3D\">\n\t\t\t\t\t<div class=\"e-gallery-image elementor-gallery-item__image\" data-thumbnail=\"https:\/\/dino-online.lu\/wp-content\/uploads\/2020\/03\/Montini-81-300x200.jpg\" data-width=\"300\" data-height=\"200\" aria-label=\"\" role=\"img\" ><\/div>\n\t\t\t\t\t\t\t\t\t\t\t<div class=\"elementor-gallery-item__overlay\"><\/div>\n\t\t\t\t\t\t\t\t\t\t\t\t\t\t<\/a>\n\t\t\t\t\t\t\t<a class=\"e-gallery-item elementor-gallery-item elementor-animated-content\" href=\"https:\/\/dino-online.lu\/wp-content\/uploads\/2020\/03\/Montini-1.jpg\" data-elementor-open-lightbox=\"yes\" data-elementor-lightbox-slideshow=\"1ab0747\" data-elementor-lightbox-title=\"Montini 1\" data-e-action-hash=\"#elementor-action%3Aaction%3Dlightbox%26settings%3DeyJpZCI6Mjc3OCwidXJsIjoiaHR0cHM6XC9cL2Rpbm8tb25saW5lLmx1XC93cC1jb250ZW50XC91cGxvYWRzXC8yMDIwXC8wM1wvTW9udGluaS0xLmpwZyIsInNsaWRlc2hvdyI6IjFhYjA3NDcifQ%3D%3D\">\n\t\t\t\t\t<div class=\"e-gallery-image elementor-gallery-item__image\" data-thumbnail=\"https:\/\/dino-online.lu\/wp-content\/uploads\/2020\/03\/Montini-1-300x200.jpg\" data-width=\"300\" data-height=\"200\" aria-label=\"\" role=\"img\" ><\/div>\n\t\t\t\t\t\t\t\t\t\t\t<div class=\"elementor-gallery-item__overlay\"><\/div>\n\t\t\t\t\t\t\t\t\t\t\t\t\t\t<\/a>\n\t\t\t\t\t\t\t<a class=\"e-gallery-item elementor-gallery-item elementor-animated-content\" href=\"https:\/\/dino-online.lu\/wp-content\/uploads\/2020\/03\/Montini-88.jpg\" data-elementor-open-lightbox=\"yes\" data-elementor-lightbox-slideshow=\"1ab0747\" data-elementor-lightbox-title=\"Montini 88\" data-e-action-hash=\"#elementor-action%3Aaction%3Dlightbox%26settings%3DeyJpZCI6Mjg0MiwidXJsIjoiaHR0cHM6XC9cL2Rpbm8tb25saW5lLmx1XC93cC1jb250ZW50XC91cGxvYWRzXC8yMDIwXC8wM1wvTW9udGluaS04OC5qcGciLCJzbGlkZXNob3ciOiIxYWIwNzQ3In0%3D\">\n\t\t\t\t\t<div class=\"e-gallery-image elementor-gallery-item__image\" data-thumbnail=\"https:\/\/dino-online.lu\/wp-content\/uploads\/2020\/03\/Montini-88-300x200.jpg\" data-width=\"300\" data-height=\"200\" aria-label=\"\" role=\"img\" ><\/div>\n\t\t\t\t\t\t\t\t\t\t\t<div class=\"elementor-gallery-item__overlay\"><\/div>\n\t\t\t\t\t\t\t\t\t\t\t\t\t\t<\/a>\n\t\t\t\t\t\t\t<a class=\"e-gallery-item elementor-gallery-item elementor-animated-content\" href=\"https:\/\/dino-online.lu\/wp-content\/uploads\/2020\/03\/Montini-162.jpg\" data-elementor-open-lightbox=\"yes\" data-elementor-lightbox-slideshow=\"1ab0747\" data-elementor-lightbox-title=\"Montini 162\" data-e-action-hash=\"#elementor-action%3Aaction%3Dlightbox%26settings%3DeyJpZCI6MjgxNCwidXJsIjoiaHR0cHM6XC9cL2Rpbm8tb25saW5lLmx1XC93cC1jb250ZW50XC91cGxvYWRzXC8yMDIwXC8wM1wvTW9udGluaS0xNjIuanBnIiwic2xpZGVzaG93IjoiMWFiMDc0NyJ9\">\n\t\t\t\t\t<div class=\"e-gallery-image elementor-gallery-item__image\" data-thumbnail=\"https:\/\/dino-online.lu\/wp-content\/uploads\/2020\/03\/Montini-162-200x300.jpg\" data-width=\"200\" data-height=\"300\" aria-label=\"\" role=\"img\" ><\/div>\n\t\t\t\t\t\t\t\t\t\t\t<div class=\"elementor-gallery-item__overlay\"><\/div>\n\t\t\t\t\t\t\t\t\t\t\t\t\t\t<\/a>\n\t\t\t\t\t\t\t<a class=\"e-gallery-item elementor-gallery-item elementor-animated-content\" href=\"https:\/\/dino-online.lu\/wp-content\/uploads\/2020\/03\/Montini-114.jpg\" data-elementor-open-lightbox=\"yes\" data-elementor-lightbox-slideshow=\"1ab0747\" data-elementor-lightbox-title=\"Montini 114\" data-e-action-hash=\"#elementor-action%3Aaction%3Dlightbox%26settings%3DeyJpZCI6Mjc4NiwidXJsIjoiaHR0cHM6XC9cL2Rpbm8tb25saW5lLmx1XC93cC1jb250ZW50XC91cGxvYWRzXC8yMDIwXC8wM1wvTW9udGluaS0xMTQuanBnIiwic2xpZGVzaG93IjoiMWFiMDc0NyJ9\">\n\t\t\t\t\t<div class=\"e-gallery-image elementor-gallery-item__image\" data-thumbnail=\"https:\/\/dino-online.lu\/wp-content\/uploads\/2020\/03\/Montini-114-200x300.jpg\" data-width=\"200\" data-height=\"300\" aria-label=\"\" role=\"img\" ><\/div>\n\t\t\t\t\t\t\t\t\t\t\t<div class=\"elementor-gallery-item__overlay\"><\/div>\n\t\t\t\t\t\t\t\t\t\t\t\t\t\t<\/a>\n\t\t\t\t\t\t\t<a class=\"e-gallery-item elementor-gallery-item elementor-animated-content\" href=\"https:\/\/dino-online.lu\/wp-content\/uploads\/2020\/03\/Montini-77.jpg\" data-elementor-open-lightbox=\"yes\" data-elementor-lightbox-slideshow=\"1ab0747\" data-elementor-lightbox-title=\"Montini 77\" data-e-action-hash=\"#elementor-action%3Aaction%3Dlightbox%26settings%3DeyJpZCI6MjgzMCwidXJsIjoiaHR0cHM6XC9cL2Rpbm8tb25saW5lLmx1XC93cC1jb250ZW50XC91cGxvYWRzXC8yMDIwXC8wM1wvTW9udGluaS03Ny5qcGciLCJzbGlkZXNob3ciOiIxYWIwNzQ3In0%3D\">\n\t\t\t\t\t<div class=\"e-gallery-image elementor-gallery-item__image\" data-thumbnail=\"https:\/\/dino-online.lu\/wp-content\/uploads\/2020\/03\/Montini-77-300x200.jpg\" data-width=\"300\" data-height=\"200\" aria-label=\"\" role=\"img\" ><\/div>\n\t\t\t\t\t\t\t\t\t\t\t<div class=\"elementor-gallery-item__overlay\"><\/div>\n\t\t\t\t\t\t\t\t\t\t\t\t\t\t<\/a>\n\t\t\t\t\t\t\t<a class=\"e-gallery-item elementor-gallery-item elementor-animated-content\" href=\"https:\/\/dino-online.lu\/wp-content\/uploads\/2020\/03\/Montini-85.jpg\" data-elementor-open-lightbox=\"yes\" data-elementor-lightbox-slideshow=\"1ab0747\" data-elementor-lightbox-title=\"Montini 85\" data-e-action-hash=\"#elementor-action%3Aaction%3Dlightbox%26settings%3DeyJpZCI6MjgzOCwidXJsIjoiaHR0cHM6XC9cL2Rpbm8tb25saW5lLmx1XC93cC1jb250ZW50XC91cGxvYWRzXC8yMDIwXC8wM1wvTW9udGluaS04NS5qcGciLCJzbGlkZXNob3ciOiIxYWIwNzQ3In0%3D\">\n\t\t\t\t\t<div class=\"e-gallery-image elementor-gallery-item__image\" data-thumbnail=\"https:\/\/dino-online.lu\/wp-content\/uploads\/2020\/03\/Montini-85-200x300.jpg\" data-width=\"200\" data-height=\"300\" aria-label=\"\" role=\"img\" ><\/div>\n\t\t\t\t\t\t\t\t\t\t\t<div class=\"elementor-gallery-item__overlay\"><\/div>\n\t\t\t\t\t\t\t\t\t\t\t\t\t\t<\/a>\n\t\t\t\t\t\t\t<a class=\"e-gallery-item elementor-gallery-item elementor-animated-content\" href=\"https:\/\/dino-online.lu\/wp-content\/uploads\/2018\/08\/montini-scan_8-22-2018_15-02-55.jpg\" data-elementor-open-lightbox=\"yes\" data-elementor-lightbox-slideshow=\"1ab0747\" data-elementor-lightbox-title=\"montini-scan_8-22-2018_15-02-55\" data-e-action-hash=\"#elementor-action%3Aaction%3Dlightbox%26settings%3DeyJpZCI6MjIyMCwidXJsIjoiaHR0cHM6XC9cL2Rpbm8tb25saW5lLmx1XC93cC1jb250ZW50XC91cGxvYWRzXC8yMDE4XC8wOFwvbW9udGluaS1zY2FuXzgtMjItMjAxOF8xNS0wMi01NS5qcGciLCJzbGlkZXNob3ciOiIxYWIwNzQ3In0%3D\">\n\t\t\t\t\t<div class=\"e-gallery-image elementor-gallery-item__image\" data-thumbnail=\"https:\/\/dino-online.lu\/wp-content\/uploads\/2018\/08\/montini-scan_8-22-2018_15-02-55-300x297.jpg\" data-width=\"300\" data-height=\"297\" aria-label=\"\" role=\"img\" ><\/div>\n\t\t\t\t\t\t\t\t\t\t\t<div class=\"elementor-gallery-item__overlay\"><\/div>\n\t\t\t\t\t\t\t\t\t\t\t\t\t\t<\/a>\n\t\t\t\t\t\t\t<a class=\"e-gallery-item elementor-gallery-item elementor-animated-content\" href=\"https:\/\/dino-online.lu\/wp-content\/uploads\/2020\/03\/Montini-142.jpg\" data-elementor-open-lightbox=\"yes\" data-elementor-lightbox-slideshow=\"1ab0747\" data-elementor-lightbox-title=\"Montini 142\" data-e-action-hash=\"#elementor-action%3Aaction%3Dlightbox%26settings%3DeyJpZCI6MjgwNiwidXJsIjoiaHR0cHM6XC9cL2Rpbm8tb25saW5lLmx1XC93cC1jb250ZW50XC91cGxvYWRzXC8yMDIwXC8wM1wvTW9udGluaS0xNDIuanBnIiwic2xpZGVzaG93IjoiMWFiMDc0NyJ9\">\n\t\t\t\t\t<div class=\"e-gallery-image elementor-gallery-item__image\" data-thumbnail=\"https:\/\/dino-online.lu\/wp-content\/uploads\/2020\/03\/Montini-142-200x300.jpg\" data-width=\"200\" data-height=\"300\" aria-label=\"\" role=\"img\" ><\/div>\n\t\t\t\t\t\t\t\t\t\t\t<div class=\"elementor-gallery-item__overlay\"><\/div>\n\t\t\t\t\t\t\t\t\t\t\t\t\t\t<\/a>\n\t\t\t\t\t\t\t<a class=\"e-gallery-item elementor-gallery-item elementor-animated-content\" href=\"https:\/\/dino-online.lu\/wp-content\/uploads\/2020\/03\/Montini-128.jpg\" data-elementor-open-lightbox=\"yes\" data-elementor-lightbox-slideshow=\"1ab0747\" data-elementor-lightbox-title=\"Montini 128\" data-e-action-hash=\"#elementor-action%3Aaction%3Dlightbox%26settings%3DeyJpZCI6Mjc5NCwidXJsIjoiaHR0cHM6XC9cL2Rpbm8tb25saW5lLmx1XC93cC1jb250ZW50XC91cGxvYWRzXC8yMDIwXC8wM1wvTW9udGluaS0xMjguanBnIiwic2xpZGVzaG93IjoiMWFiMDc0NyJ9\">\n\t\t\t\t\t<div class=\"e-gallery-image elementor-gallery-item__image\" data-thumbnail=\"https:\/\/dino-online.lu\/wp-content\/uploads\/2020\/03\/Montini-128-200x300.jpg\" data-width=\"200\" data-height=\"300\" aria-label=\"\" role=\"img\" ><\/div>\n\t\t\t\t\t\t\t\t\t\t\t<div class=\"elementor-gallery-item__overlay\"><\/div>\n\t\t\t\t\t\t\t\t\t\t\t\t\t\t<\/a>\n\t\t\t\t\t\t\t<a class=\"e-gallery-item elementor-gallery-item elementor-animated-content\" href=\"https:\/\/dino-online.lu\/wp-content\/uploads\/2020\/03\/Montini-154.jpg\" data-elementor-open-lightbox=\"yes\" data-elementor-lightbox-slideshow=\"1ab0747\" data-elementor-lightbox-title=\"Montini 154\" data-e-action-hash=\"#elementor-action%3Aaction%3Dlightbox%26settings%3DeyJpZCI6MjgxMCwidXJsIjoiaHR0cHM6XC9cL2Rpbm8tb25saW5lLmx1XC93cC1jb250ZW50XC91cGxvYWRzXC8yMDIwXC8wM1wvTW9udGluaS0xNTQuanBnIiwic2xpZGVzaG93IjoiMWFiMDc0NyJ9\">\n\t\t\t\t\t<div class=\"e-gallery-image elementor-gallery-item__image\" data-thumbnail=\"https:\/\/dino-online.lu\/wp-content\/uploads\/2020\/03\/Montini-154-300x200.jpg\" data-width=\"300\" data-height=\"200\" aria-label=\"\" role=\"img\" ><\/div>\n\t\t\t\t\t\t\t\t\t\t\t<div class=\"elementor-gallery-item__overlay\"><\/div>\n\t\t\t\t\t\t\t\t\t\t\t\t\t\t<\/a>\n\t\t\t\t\t\t\t<a class=\"e-gallery-item elementor-gallery-item elementor-animated-content\" href=\"https:\/\/dino-online.lu\/wp-content\/uploads\/2020\/03\/Montini-137.jpg\" data-elementor-open-lightbox=\"yes\" data-elementor-lightbox-slideshow=\"1ab0747\" data-elementor-lightbox-title=\"Montini 137\" data-e-action-hash=\"#elementor-action%3Aaction%3Dlightbox%26settings%3DeyJpZCI6Mjc5OCwidXJsIjoiaHR0cHM6XC9cL2Rpbm8tb25saW5lLmx1XC93cC1jb250ZW50XC91cGxvYWRzXC8yMDIwXC8wM1wvTW9udGluaS0xMzcuanBnIiwic2xpZGVzaG93IjoiMWFiMDc0NyJ9\">\n\t\t\t\t\t<div class=\"e-gallery-image elementor-gallery-item__image\" data-thumbnail=\"https:\/\/dino-online.lu\/wp-content\/uploads\/2020\/03\/Montini-137-300x200.jpg\" data-width=\"300\" data-height=\"200\" aria-label=\"\" role=\"img\" ><\/div>\n\t\t\t\t\t\t\t\t\t\t\t<div class=\"elementor-gallery-item__overlay\"><\/div>\n\t\t\t\t\t\t\t\t\t\t\t\t\t\t<\/a>\n\t\t\t\t\t<\/div>\n\t\t\t\t\t<\/div>\n\t\t\t\t\t<\/div>\n\t\t\t\t<\/div>\n\t\t\t\t<\/div>\n\t\t","protected":false},"excerpt":{"rendered":"<p>Montini Design Collection D&#8217;Montini Design Collection, eis eege Pl\u00e4tterchersgamme, vereenegt italieeneschen Design, Liewensdauer an z\u00e4itlos Eleganz. \u00c4re Projet verd\u00e9ngt eppes Aussergew\u00e9inleches: Entdeckt d&#8217;Kollektioun vu Montini Design Collection an eisem Showroom zu Dikrech a loosst Iech inspir\u00e9ieren.<\/p>\n","protected":false},"author":1,"featured_media":0,"parent":0,"menu_order":0,"comment_status":"closed","ping_status":"closed","template":"","meta":{"footnotes":""},"class_list":["post-5282","page","type-page","status-publish","hentry"],"_links":{"self":[{"href":"https:\/\/dino-online.lu\/lb\/wp-json\/wp\/v2\/pages\/5282","targetHints":{"allow":["GET"]}}],"collection":[{"href":"https:\/\/dino-online.lu\/lb\/wp-json\/wp\/v2\/pages"}],"about":[{"href":"https:\/\/dino-online.lu\/lb\/wp-json\/wp\/v2\/types\/page"}],"author":[{"embeddable":true,"href":"https:\/\/dino-online.lu\/lb\/wp-json\/wp\/v2\/users\/1"}],"replies":[{"embeddable":true,"href":"https:\/\/dino-online.lu\/lb\/wp-json\/wp\/v2\/comments?post=5282"}],"version-history":[{"count":0,"href":"https:\/\/dino-online.lu\/lb\/wp-json\/wp\/v2\/pages\/5282\/revisions"}],"wp:attachment":[{"href":"https:\/\/dino-online.lu\/lb\/wp-json\/wp\/v2\/media?parent=5282"}],"curies":[{"name":"wp","href":"https:\/\/api.w.org\/{rel}","templated":true}]}}