{"id":5274,"date":"2025-09-25T10:46:41","date_gmt":"2025-09-25T08:46:41","guid":{"rendered":"http:\/\/dino-online.lu.dedi2324.your-server.de\/carriere\/"},"modified":"2025-10-22T13:41:42","modified_gmt":"2025-10-22T11:41:42","slug":"carriere","status":"publish","type":"page","link":"https:\/\/dino-online.lu\/lb\/carriere\/","title":{"rendered":"Carri\u00e8re"},"content":{"rendered":"\t\t<div data-elementor-type=\"wp-page\" data-elementor-id=\"5274\" class=\"elementor elementor-5274 elementor-3612\" data-elementor-post-type=\"page\">\n\t\t\t\t<div class=\"elementor-element elementor-element-6e3db9f e-con-full e-flex e-con e-parent\" data-id=\"6e3db9f\" data-element_type=\"container\" data-e-type=\"container\" data-settings=\"{&quot;background_background&quot;:&quot;classic&quot;}\">\n\t\t\t\t<\/div>\n\t\t<div class=\"elementor-element elementor-element-b1a270d e-con-full e-flex e-con e-parent\" data-id=\"b1a270d\" data-element_type=\"container\" data-e-type=\"container\" data-settings=\"{&quot;background_background&quot;:&quot;classic&quot;}\">\n\t\t<div class=\"elementor-element elementor-element-195bb80 e-con-full e-flex e-con e-child\" data-id=\"195bb80\" data-element_type=\"container\" data-e-type=\"container\" data-settings=\"{&quot;background_background&quot;:&quot;classic&quot;}\">\n\t\t\t\t<div class=\"elementor-element elementor-element-9ce0a24 elementor-widget__width-initial elementor-widget elementor-widget-heading\" data-id=\"9ce0a24\" data-element_type=\"widget\" data-e-type=\"widget\" data-widget_type=\"heading.default\">\n\t\t\t\t\t<h1 class=\"elementor-heading-title elementor-size-default\">Gitt Deel vun eisem Team<\/h1>\t\t\t\t<\/div>\n\t\t\t\t<div class=\"elementor-element elementor-element-524801b elementor-widget__width-initial elementor-widget elementor-widget-text-editor\" data-id=\"524801b\" data-element_type=\"widget\" data-e-type=\"widget\" data-widget_type=\"text-editor.default\">\n\t\t\t\t\t\t\t\t\t<p class=\"font_8 wixui-rich-text__text\"><span class=\"wixui-rich-text__text\">W\u00ebllt Dir \u00c4r Kompetenzen an den D\u00e9ngscht vun engem Betrib stellen, dee fir s\u00e4i Knowhow a seng h\u00e9ich Qualit\u00e9itsufuerderunge bekannt ass?<\/span><\/p><p class=\"font_8 wixui-rich-text__text\"><span class=\"wixui-rich-text__text\">Mir bei Carrelages Dino De Cecco si fest dovun iwwerzeegt, dass de Succ\u00e8s souwuel op eis Produite w\u00e9i och op de M\u00ebnsche bas\u00e9iert, d\u00e9i si verkierperen.<\/span><\/p><p class=\"font_8 wixui-rich-text__text\">Mir siche motiv\u00e9iert a gew\u00ebssenhafte Mataarbechter, d\u00e9i bereet sinn, sech an engem usprochsvollen a interessanten \u00cbmfeld z&#8217;engag\u00e9ieren.<\/p><p class=\"font_8 wixui-rich-text__text\"><span class=\"wixui-rich-text__text\">Wann Dir Deel vun eisem Team gi w\u00ebllt, sch\u00e9ckt eis w.e.g. \u00c4r Ufro un: livio@dino-online.lu<\/span><\/p>\t\t\t\t\t\t\t\t<\/div>\n\t\t\t\t<\/div>\n\t\t\t\t<\/div>\n\t\t\t\t<\/div>\n\t\t","protected":false},"excerpt":{"rendered":"<p>Gitt Deel vun eisem Team W\u00ebllt Dir \u00c4r Kompetenzen an den D\u00e9ngscht vun engem Betrib stellen, dee fir s\u00e4i Knowhow a seng h\u00e9ich Qualit\u00e9itsufuerderunge bekannt ass? Mir bei Carrelages Dino De Cecco si fest dovun iwwerzeegt, dass de Succ\u00e8s souwuel op eis Produite w\u00e9i och op de M\u00ebnsche bas\u00e9iert, d\u00e9i si verkierperen. Mir siche motiv\u00e9iert [&hellip;]<\/p>\n","protected":false},"author":1,"featured_media":0,"parent":0,"menu_order":0,"comment_status":"closed","ping_status":"closed","template":"","meta":{"footnotes":""},"class_list":["post-5274","page","type-page","status-publish","hentry"],"_links":{"self":[{"href":"https:\/\/dino-online.lu\/lb\/wp-json\/wp\/v2\/pages\/5274","targetHints":{"allow":["GET"]}}],"collection":[{"href":"https:\/\/dino-online.lu\/lb\/wp-json\/wp\/v2\/pages"}],"about":[{"href":"https:\/\/dino-online.lu\/lb\/wp-json\/wp\/v2\/types\/page"}],"author":[{"embeddable":true,"href":"https:\/\/dino-online.lu\/lb\/wp-json\/wp\/v2\/users\/1"}],"replies":[{"embeddable":true,"href":"https:\/\/dino-online.lu\/lb\/wp-json\/wp\/v2\/comments?post=5274"}],"version-history":[{"count":0,"href":"https:\/\/dino-online.lu\/lb\/wp-json\/wp\/v2\/pages\/5274\/revisions"}],"wp:attachment":[{"href":"https:\/\/dino-online.lu\/lb\/wp-json\/wp\/v2\/media?parent=5274"}],"curies":[{"name":"wp","href":"https:\/\/api.w.org\/{rel}","templated":true}]}}