{"id":4890,"date":"2025-09-25T10:46:41","date_gmt":"2025-09-25T08:46:41","guid":{"rendered":"http:\/\/dino-online.lu.dedi2324.your-server.de\/dienste\/"},"modified":"2025-10-22T14:09:10","modified_gmt":"2025-10-22T12:09:10","slug":"dienste","status":"publish","type":"page","link":"https:\/\/dino-online.lu\/de\/dienste\/","title":{"rendered":"Dienste"},"content":{"rendered":"\t\t<div data-elementor-type=\"wp-page\" data-elementor-id=\"4890\" class=\"elementor elementor-4890 elementor-3608\" data-elementor-post-type=\"page\">\n\t\t\t\t<div class=\"elementor-element elementor-element-69e1129 e-grid e-con-boxed e-con e-parent\" data-id=\"69e1129\" data-element_type=\"container\" data-e-type=\"container\" data-settings=\"{&quot;background_background&quot;:&quot;classic&quot;}\">\n\t\t\t\t\t<div class=\"e-con-inner\">\n\t\t<div class=\"elementor-element elementor-element-084522b e-flex e-con-boxed e-con e-child\" data-id=\"084522b\" data-element_type=\"container\" data-e-type=\"container\" data-settings=\"{&quot;background_background&quot;:&quot;classic&quot;}\">\n\t\t\t\t\t<div class=\"e-con-inner\">\n\t\t\t\t<div class=\"elementor-element elementor-element-2874a94 elementor-widget__width-initial elementor-widget-tablet__width-initial elementor-widget-mobile__width-initial elementor-widget elementor-widget-heading\" data-id=\"2874a94\" data-element_type=\"widget\" data-e-type=\"widget\" data-widget_type=\"heading.default\">\n\t\t\t\t\t<h1 class=\"elementor-heading-title elementor-size-default\">Unsere Dienstleistungen<\/h1>\t\t\t\t<\/div>\n\t\t\t\t<div class=\"elementor-element elementor-element-51cedbd elementor-hidden-desktop elementor-hidden-tablet elementor-widget elementor-widget-video\" data-id=\"51cedbd\" data-element_type=\"widget\" data-e-type=\"widget\" data-settings=\"{&quot;video_type&quot;:&quot;hosted&quot;,&quot;autoplay&quot;:&quot;yes&quot;,&quot;play_on_mobile&quot;:&quot;yes&quot;,&quot;mute&quot;:&quot;yes&quot;,&quot;loop&quot;:&quot;yes&quot;}\" data-widget_type=\"video.default\">\n\t\t\t\t\t\t\t<div class=\"e-hosted-video elementor-wrapper elementor-open-inline\">\n\t\t\t\t\t<video class=\"elementor-video\" src=\"http:\/\/dino-online.lu\/wp-content\/uploads\/2025\/10\/01-SSYouTube.online_DINO_WORK-Carreleur_1080p-1.mp4\" autoplay=\"\" loop=\"\" muted=\"muted\" playsinline=\"\" controlsList=\"nodownload\"><\/video>\n\t\t\t\t<\/div>\n\t\t\t\t\t\t<\/div>\n\t\t\t\t\t<\/div>\n\t\t\t\t<\/div>\n\t\t<div class=\"elementor-element elementor-element-34c7f39 e-con-full e-flex e-con e-child\" data-id=\"34c7f39\" data-element_type=\"container\" data-e-type=\"container\" data-settings=\"{&quot;background_background&quot;:&quot;classic&quot;}\">\n\t\t<div class=\"elementor-element elementor-element-aa3b43f e-con-full e-flex e-con e-child\" data-id=\"aa3b43f\" data-element_type=\"container\" data-e-type=\"container\">\n\t\t\t\t<div class=\"elementor-element elementor-element-6012ff2 elementor-widget elementor-widget-heading\" data-id=\"6012ff2\" data-element_type=\"widget\" data-e-type=\"widget\" data-widget_type=\"heading.default\">\n\t\t\t\t\t<h2 class=\"elementor-heading-title elementor-size-default\">Verlegung in neuen Projekten<\/h2>\t\t\t\t<\/div>\n\t\t\t\t<div class=\"elementor-element elementor-element-70d353f elementor-widget elementor-widget-text-editor\" data-id=\"70d353f\" data-element_type=\"widget\" data-e-type=\"widget\" data-widget_type=\"text-editor.default\">\n\t\t\t\t\t\t\t\t\t<p>Umfassende Betreuung von Privatkunden, Architekten, Bautr\u00e4gern und anderen Fachleuten: Auswahl der Materialien, professionelle Verlegung und Koordination mit anderen Gewerken f\u00fcr ein dauerhaftes und ma\u00dfgeschneidertes Ergebnis.<\/p>\t\t\t\t\t\t\t\t<\/div>\n\t\t\t\t<\/div>\n\t\t\t\t<\/div>\n\t\t<div class=\"elementor-element elementor-element-ba8030c e-con-full e-flex e-con e-child\" data-id=\"ba8030c\" data-element_type=\"container\" data-e-type=\"container\" data-settings=\"{&quot;background_background&quot;:&quot;classic&quot;}\">\n\t\t<div class=\"elementor-element elementor-element-6ff64c0 e-con-full e-flex e-con e-child\" data-id=\"6ff64c0\" data-element_type=\"container\" data-e-type=\"container\">\n\t\t\t\t<div class=\"elementor-element elementor-element-68e3d21 elementor-widget elementor-widget-heading\" data-id=\"68e3d21\" data-element_type=\"widget\" data-e-type=\"widget\" data-widget_type=\"heading.default\">\n\t\t\t\t\t<h2 class=\"elementor-heading-title elementor-size-default\">Schl\u00fcsselfertige Badezimmer  <\/h2>\t\t\t\t<\/div>\n\t\t\t\t<div class=\"elementor-element elementor-element-99b8ff3 elementor-widget elementor-widget-text-editor\" data-id=\"99b8ff3\" data-element_type=\"widget\" data-e-type=\"widget\" data-widget_type=\"text-editor.default\">\n\t\t\t\t\t\t\t\t\t<p>Schaffung von kompletten, bezugsfertigen Badezimmern. Getreu unserem Motto <g id=\"gid_0\"><g id=\"gid_1\">Happy to be different<\/g><\/g>bieten wir Ihnen eine exklusive Auswahl an M\u00f6bel- und Sanit\u00e4rmarken. Wir koordinieren jeden Schritt, von den Fliesen bis zu den M\u00f6beln, von der Beleuchtung bis zur Ausstattung, um einen einzigartigen, funktionalen und eleganten Raum zu schaffen.  <\/p>\t\t\t\t\t\t\t\t<\/div>\n\t\t\t\t<\/div>\n\t\t\t\t<\/div>\n\t\t<div class=\"elementor-element elementor-element-1bb6fb9 elementor-hidden-mobile e-flex e-con-boxed e-con e-child\" data-id=\"1bb6fb9\" data-element_type=\"container\" data-e-type=\"container\">\n\t\t\t\t\t<div class=\"e-con-inner\">\n\t\t\t\t<div class=\"elementor-element elementor-element-73ec21a elementor-hidden-mobile elementor-widget elementor-widget-video\" data-id=\"73ec21a\" data-element_type=\"widget\" data-e-type=\"widget\" data-settings=\"{&quot;video_type&quot;:&quot;hosted&quot;,&quot;autoplay&quot;:&quot;yes&quot;,&quot;mute&quot;:&quot;yes&quot;,&quot;loop&quot;:&quot;yes&quot;}\" data-widget_type=\"video.default\">\n\t\t\t\t\t\t\t<div class=\"e-hosted-video elementor-wrapper elementor-open-inline\">\n\t\t\t\t\t<video class=\"elementor-video\" src=\"http:\/\/dino-online.lu\/wp-content\/uploads\/2025\/10\/01-SSYouTube.online_DINO_WORK-Carreleur_1080p.mp4\" autoplay=\"\" loop=\"\" muted=\"muted\" controlsList=\"nodownload\"><\/video>\n\t\t\t\t<\/div>\n\t\t\t\t\t\t<\/div>\n\t\t\t\t\t<\/div>\n\t\t\t\t<\/div>\n\t\t<div class=\"elementor-element elementor-element-ca69d2e elementor-hidden-mobile e-flex e-con-boxed e-con e-child\" data-id=\"ca69d2e\" data-element_type=\"container\" data-e-type=\"container\">\n\t\t\t\t\t<div class=\"e-con-inner\">\n\t\t\t\t<div class=\"elementor-element elementor-element-0c0d92b elementor-widget elementor-widget-video\" data-id=\"0c0d92b\" data-element_type=\"widget\" data-e-type=\"widget\" data-settings=\"{&quot;video_type&quot;:&quot;hosted&quot;,&quot;autoplay&quot;:&quot;yes&quot;,&quot;mute&quot;:&quot;yes&quot;,&quot;loop&quot;:&quot;yes&quot;}\" data-widget_type=\"video.default\">\n\t\t\t\t\t\t\t<div class=\"e-hosted-video elementor-wrapper elementor-open-inline\">\n\t\t\t\t\t<video class=\"elementor-video\" src=\"http:\/\/dino-online.lu\/wp-content\/uploads\/2025\/10\/02-SSYouTube.online_DINO_WORK-Carreleur_1080p1-Trim.mp4\" autoplay=\"\" loop=\"\" muted=\"muted\" controlsList=\"nodownload\"><\/video>\n\t\t\t\t<\/div>\n\t\t\t\t\t\t<\/div>\n\t\t\t\t\t<\/div>\n\t\t\t\t<\/div>\n\t\t<div class=\"elementor-element elementor-element-e16ec95 e-flex e-con-boxed e-con e-child\" data-id=\"e16ec95\" data-element_type=\"container\" data-e-type=\"container\">\n\t\t\t\t\t<div class=\"e-con-inner\">\n\t\t<div class=\"elementor-element elementor-element-a53c015 e-con-full e-flex e-con e-child\" data-id=\"a53c015\" data-element_type=\"container\" data-e-type=\"container\">\n\t\t\t\t<div class=\"elementor-element elementor-element-537994c elementor-widget elementor-widget-heading\" data-id=\"537994c\" data-element_type=\"widget\" data-e-type=\"widget\" data-widget_type=\"heading.default\">\n\t\t\t\t\t<h2 class=\"elementor-heading-title elementor-size-default\">Renovierung<\/h2>\t\t\t\t<\/div>\n\t\t\t\t<div class=\"elementor-element elementor-element-c44f8e6 elementor-widget elementor-widget-text-editor\" data-id=\"c44f8e6\" data-element_type=\"widget\" data-e-type=\"widget\" data-widget_type=\"text-editor.default\">\n\t\t\t\t\t\t\t\t\t<p>Ma\u00dfgeschneiderte Innen- und Au\u00dfenrenovierungen, einschlie\u00dflich Badezimmer und Fliesenverlegung. Wir k\u00fcmmern uns um jeden Schritt: Modernisierung, Austausch von Materialien und Koordination der Arbeiten, um ein funktionelles und harmonisches Ergebnis zu erzielen. <\/p>\t\t\t\t\t\t\t\t<\/div>\n\t\t\t\t<\/div>\n\t\t\t\t\t<\/div>\n\t\t\t\t<\/div>\n\t\t<div class=\"elementor-element elementor-element-3cdd876 e-flex e-con-boxed e-con e-child\" data-id=\"3cdd876\" data-element_type=\"container\" data-e-type=\"container\">\n\t\t\t\t\t<div class=\"e-con-inner\">\n\t\t<div class=\"elementor-element elementor-element-68cd503 e-con-full e-flex e-con e-child\" data-id=\"68cd503\" data-element_type=\"container\" data-e-type=\"container\">\n\t\t\t\t<div class=\"elementor-element elementor-element-66530e8 elementor-widget elementor-widget-heading\" data-id=\"66530e8\" data-element_type=\"widget\" data-e-type=\"widget\" data-widget_type=\"heading.default\">\n\t\t\t\t\t<h2 class=\"elementor-heading-title elementor-size-default\">Au\u00dfenanlagen<\/h2>\t\t\t\t<\/div>\n\t\t\t\t<div class=\"elementor-element elementor-element-6a548cc elementor-widget elementor-widget-text-editor\" data-id=\"6a548cc\" data-element_type=\"widget\" data-e-type=\"widget\" data-widget_type=\"text-editor.default\">\n\t\t\t\t\t\t\t\t\t<p>Verlegen von Fliesen f\u00fcr Terrassen, Patios und Swimmingpools. Wetterbest\u00e4ndige Materialien, Design- und Stilberatung f\u00fcr funktionale und harmonische Au\u00dfenbereiche. <\/p>\t\t\t\t\t\t\t\t<\/div>\n\t\t\t\t<\/div>\n\t\t\t\t\t<\/div>\n\t\t\t\t<\/div>\n\t\t<div class=\"elementor-element elementor-element-28a4b63 e-flex e-con-boxed e-con e-child\" data-id=\"28a4b63\" data-element_type=\"container\" data-e-type=\"container\">\n\t\t\t\t\t<div class=\"e-con-inner\">\n\t\t<div class=\"elementor-element elementor-element-651453c e-con-full e-flex e-con e-child\" data-id=\"651453c\" data-element_type=\"container\" data-e-type=\"container\">\n\t\t\t\t<div class=\"elementor-element elementor-element-2d8984a elementor-widget elementor-widget-heading\" data-id=\"2d8984a\" data-element_type=\"widget\" data-e-type=\"widget\" data-widget_type=\"heading.default\">\n\t\t\t\t\t<h2 class=\"elementor-heading-title elementor-size-default\">Reparatur<\/h2>\t\t\t\t<\/div>\n\t\t\t\t<div class=\"elementor-element elementor-element-3a4350e elementor-widget elementor-widget-text-editor\" data-id=\"3a4350e\" data-element_type=\"widget\" data-e-type=\"widget\" data-widget_type=\"text-editor.default\">\n\t\t\t\t\t\t\t\t\t<p>Reparatur oder Austausch besch\u00e4digter Fliesen, Teil- oder Komplettarbeiten, um die Haltbarkeit und \u00c4sthetik Ihrer R\u00e4ume zu erhalten.<\/p>\t\t\t\t\t\t\t\t<\/div>\n\t\t\t\t<\/div>\n\t\t\t\t\t<\/div>\n\t\t\t\t<\/div>\n\t\t\t\t\t<\/div>\n\t\t\t\t<\/div>\n\t\t\t\t<\/div>\n\t\t","protected":false},"excerpt":{"rendered":"<p>Unsere Dienstleistungen https:\/\/dino-online.lu\/wp-content\/uploads\/2025\/10\/01-SSYouTube.online_DINO_WORK-Carreleur_1080p-1.mp4 Verlegung in neuen Projekten Umfassende Betreuung von Privatkunden, Architekten, Bautr\u00e4gern und anderen Fachleuten: Auswahl der Materialien, professionelle Verlegung und Koordination mit anderen Gewerken f\u00fcr ein dauerhaftes und ma\u00dfgeschneidertes Ergebnis. Schl\u00fcsselfertige Badezimmer Schaffung von kompletten, bezugsfertigen Badezimmern. Getreu unserem Motto Happy to be differentbieten wir Ihnen eine exklusive Auswahl an M\u00f6bel- und Sanit\u00e4rmarken. [&hellip;]<\/p>\n","protected":false},"author":1,"featured_media":0,"parent":0,"menu_order":0,"comment_status":"closed","ping_status":"closed","template":"","meta":{"footnotes":""},"class_list":["post-4890","page","type-page","status-publish","hentry"],"_links":{"self":[{"href":"https:\/\/dino-online.lu\/de\/wp-json\/wp\/v2\/pages\/4890","targetHints":{"allow":["GET"]}}],"collection":[{"href":"https:\/\/dino-online.lu\/de\/wp-json\/wp\/v2\/pages"}],"about":[{"href":"https:\/\/dino-online.lu\/de\/wp-json\/wp\/v2\/types\/page"}],"author":[{"embeddable":true,"href":"https:\/\/dino-online.lu\/de\/wp-json\/wp\/v2\/users\/1"}],"replies":[{"embeddable":true,"href":"https:\/\/dino-online.lu\/de\/wp-json\/wp\/v2\/comments?post=4890"}],"version-history":[{"count":0,"href":"https:\/\/dino-online.lu\/de\/wp-json\/wp\/v2\/pages\/4890\/revisions"}],"wp:attachment":[{"href":"https:\/\/dino-online.lu\/de\/wp-json\/wp\/v2\/media?parent=4890"}],"curies":[{"name":"wp","href":"https:\/\/api.w.org\/{rel}","templated":true}]}}