{"id":4882,"date":"2025-09-25T10:46:41","date_gmt":"2025-09-25T08:46:41","guid":{"rendered":"http:\/\/dino-online.lu.dedi2324.your-server.de\/happy-to-be-different\/"},"modified":"2025-10-22T13:43:41","modified_gmt":"2025-10-22T11:43:41","slug":"happy-to-be-different","status":"publish","type":"page","link":"https:\/\/dino-online.lu\/de\/happy-to-be-different\/","title":{"rendered":"Happy to be different"},"content":{"rendered":"\t\t<div data-elementor-type=\"wp-page\" data-elementor-id=\"4882\" class=\"elementor elementor-4882 elementor-3609\" data-elementor-post-type=\"page\">\n\t\t\t\t<div class=\"elementor-element elementor-element-f5adea9 e-flex e-con-boxed e-con e-parent\" data-id=\"f5adea9\" data-element_type=\"container\" data-e-type=\"container\">\n\t\t\t\t\t<div class=\"e-con-inner\">\n\t\t\t\t<div class=\"elementor-element elementor-element-3851ea9 elementor-widget elementor-widget-heading\" data-id=\"3851ea9\" data-element_type=\"widget\" data-e-type=\"widget\" data-widget_type=\"heading.default\">\n\t\t\t\t\t<h1 class=\"elementor-heading-title elementor-size-default\">Happy to be different  <\/h1>\t\t\t\t<\/div>\n\t\t<div class=\"elementor-element elementor-element-f1785c2 e-con-full e-flex e-con e-child\" data-id=\"f1785c2\" data-element_type=\"container\" data-e-type=\"container\">\n\t\t\t\t<div class=\"elementor-element elementor-element-8dfc7d2 elementor-hidden-desktop elementor-widget elementor-widget-image-carousel\" data-id=\"8dfc7d2\" data-element_type=\"widget\" data-e-type=\"widget\" data-settings=\"{&quot;slides_to_show&quot;:&quot;3&quot;,&quot;slides_to_show_tablet&quot;:&quot;1&quot;,&quot;slides_to_show_mobile&quot;:&quot;1&quot;,&quot;navigation&quot;:&quot;none&quot;,&quot;autoplay&quot;:&quot;yes&quot;,&quot;pause_on_hover&quot;:&quot;yes&quot;,&quot;pause_on_interaction&quot;:&quot;yes&quot;,&quot;autoplay_speed&quot;:5000,&quot;infinite&quot;:&quot;yes&quot;,&quot;speed&quot;:500}\" data-widget_type=\"image-carousel.default\">\n\t\t\t\t\t\t\t<div class=\"elementor-image-carousel-wrapper swiper\" role=\"region\" aria-roledescription=\"carousel\" aria-label=\"Carrousel d\u2019images\" dir=\"ltr\">\n\t\t\t<div class=\"elementor-image-carousel swiper-wrapper\" aria-live=\"off\">\n\t\t\t\t\t\t\t\t<div class=\"swiper-slide\" role=\"group\" aria-roledescription=\"slide\" aria-label=\"1 von 6\"><figure class=\"swiper-slide-inner\"><img decoding=\"async\" class=\"swiper-slide-image\" src=\"https:\/\/dino-online.lu\/wp-content\/uploads\/2020\/03\/Montini-54.jpg\" alt=\"Montini-54\" \/><\/figure><\/div><div class=\"swiper-slide\" role=\"group\" aria-roledescription=\"slide\" aria-label=\"2 von 6\"><figure class=\"swiper-slide-inner\"><img decoding=\"async\" class=\"swiper-slide-image\" src=\"https:\/\/dino-online.lu\/wp-content\/uploads\/2025\/09\/IMG_8350-1_edited-1-scaled.webp\" alt=\"IMG 8350 (1) Edited\" \/><\/figure><\/div><div class=\"swiper-slide\" role=\"group\" aria-roledescription=\"slide\" aria-label=\"3 von 6\"><figure class=\"swiper-slide-inner\"><img decoding=\"async\" class=\"swiper-slide-image\" src=\"https:\/\/dino-online.lu\/wp-content\/uploads\/2025\/09\/3E9A2163-1280x853_edited-1.webp\" alt=\"3E9A2163 1280x853 Edited\" \/><\/figure><\/div><div class=\"swiper-slide\" role=\"group\" aria-roledescription=\"slide\" aria-label=\"4 von 6\"><figure class=\"swiper-slide-inner\"><img decoding=\"async\" class=\"swiper-slide-image\" src=\"https:\/\/dino-online.lu\/wp-content\/uploads\/2025\/10\/ShowroomDC-191-X-1920x2880-1-scaled.webp\" alt=\"ShowroomDC 191 X 1920x2880\" \/><\/figure><\/div><div class=\"swiper-slide\" role=\"group\" aria-roledescription=\"slide\" aria-label=\"5 von 6\"><figure class=\"swiper-slide-inner\"><img decoding=\"async\" class=\"swiper-slide-image\" src=\"https:\/\/dino-online.lu\/wp-content\/uploads\/2025\/09\/ShowroomDC-189-X-1920x1280_edited.webp\" alt=\"ShowroomDC 189 X 1920x1280 Edited\" \/><\/figure><\/div><div class=\"swiper-slide\" role=\"group\" aria-roledescription=\"slide\" aria-label=\"6 von 6\"><figure class=\"swiper-slide-inner\"><img decoding=\"async\" class=\"swiper-slide-image\" src=\"https:\/\/dino-online.lu\/wp-content\/uploads\/2025\/10\/ShowroomDC-106-X-1920x1920-1.webp\" alt=\"ShowroomDC 106 X 1920x1920\" \/><\/figure><\/div>\t\t\t<\/div>\n\t\t\t\t\t\t\t\n\t\t\t\t\t\t\t\t\t<\/div>\n\t\t\t\t\t\t<\/div>\n\t\t\t\t<\/div>\n\t\t\t\t\t<\/div>\n\t\t\t\t<\/div>\n\t\t<div class=\"elementor-element elementor-element-99ce673 e-flex e-con-boxed e-con e-parent\" data-id=\"99ce673\" data-element_type=\"container\" data-e-type=\"container\">\n\t\t\t\t\t<div class=\"e-con-inner\">\n\t\t<div class=\"elementor-element elementor-element-f5aeef8 e-con-full elementor-hidden-tablet elementor-hidden-mobile vc-left e-flex e-con e-child\" data-id=\"f5aeef8\" data-element_type=\"container\" data-e-type=\"container\">\n\t\t\t\t<div class=\"elementor-element elementor-element-d764fc7 elementor-widget__width-initial elementor-widget elementor-widget-image\" data-id=\"d764fc7\" data-element_type=\"widget\" data-e-type=\"widget\" data-widget_type=\"image.default\">\n\t\t\t\t\t\t\t\t\t\t\t\t\t\t\t<img fetchpriority=\"high\" decoding=\"async\" width=\"2048\" height=\"1365\" src=\"https:\/\/dino-online.lu\/wp-content\/uploads\/2020\/03\/Montini-54.jpg\" class=\"attachment-full size-full wp-image-2569\" alt=\"\" srcset=\"https:\/\/dino-online.lu\/wp-content\/uploads\/2020\/03\/Montini-54.jpg 2048w, https:\/\/dino-online.lu\/wp-content\/uploads\/2020\/03\/Montini-54-300x200.jpg 300w, https:\/\/dino-online.lu\/wp-content\/uploads\/2020\/03\/Montini-54-768x512.jpg 768w, https:\/\/dino-online.lu\/wp-content\/uploads\/2020\/03\/Montini-54-1024x683.jpg 1024w, https:\/\/dino-online.lu\/wp-content\/uploads\/2020\/03\/Montini-54-48x32.jpg 48w, https:\/\/dino-online.lu\/wp-content\/uploads\/2020\/03\/Montini-54-90x60.jpg 90w, https:\/\/dino-online.lu\/wp-content\/uploads\/2020\/03\/Montini-54-150x100.jpg 150w, https:\/\/dino-online.lu\/wp-content\/uploads\/2020\/03\/Montini-54-200x133.jpg 200w, https:\/\/dino-online.lu\/wp-content\/uploads\/2020\/03\/Montini-54-400x267.jpg 400w, https:\/\/dino-online.lu\/wp-content\/uploads\/2020\/03\/Montini-54-500x333.jpg 500w, https:\/\/dino-online.lu\/wp-content\/uploads\/2020\/03\/Montini-54-600x400.jpg 600w, https:\/\/dino-online.lu\/wp-content\/uploads\/2020\/03\/Montini-54-800x533.jpg 800w, https:\/\/dino-online.lu\/wp-content\/uploads\/2020\/03\/Montini-54-1280x853.jpg 1280w, https:\/\/dino-online.lu\/wp-content\/uploads\/2020\/03\/Montini-54-1400x933.jpg 1400w, https:\/\/dino-online.lu\/wp-content\/uploads\/2020\/03\/Montini-54-1440x960.jpg 1440w, https:\/\/dino-online.lu\/wp-content\/uploads\/2020\/03\/Montini-54-1600x1067.jpg 1600w, https:\/\/dino-online.lu\/wp-content\/uploads\/2020\/03\/Montini-54-1920x1280.jpg 1920w\" sizes=\"(max-width: 2048px) 100vw, 2048px\" \/>\t\t\t\t\t\t\t\t\t\t\t\t\t\t\t<\/div>\n\t\t\t\t<div class=\"elementor-element elementor-element-2fed57a elementor-widget elementor-widget-image\" data-id=\"2fed57a\" data-element_type=\"widget\" data-e-type=\"widget\" data-widget_type=\"image.default\">\n\t\t\t\t\t\t\t\t\t\t\t\t\t\t\t<img decoding=\"async\" width=\"2048\" height=\"1366\" src=\"https:\/\/dino-online.lu\/wp-content\/uploads\/2025\/09\/IMG_8350-1_edited-1-scaled.webp\" class=\"attachment-full size-full wp-image-3845\" alt=\"\" srcset=\"https:\/\/dino-online.lu\/wp-content\/uploads\/2025\/09\/IMG_8350-1_edited-1-scaled.webp 2048w, https:\/\/dino-online.lu\/wp-content\/uploads\/2025\/09\/IMG_8350-1_edited-1-300x200.webp 300w, https:\/\/dino-online.lu\/wp-content\/uploads\/2025\/09\/IMG_8350-1_edited-1-1024x683.webp 1024w, https:\/\/dino-online.lu\/wp-content\/uploads\/2025\/09\/IMG_8350-1_edited-1-768x512.webp 768w, https:\/\/dino-online.lu\/wp-content\/uploads\/2025\/09\/IMG_8350-1_edited-1-1536x1024.webp 1536w, https:\/\/dino-online.lu\/wp-content\/uploads\/2025\/09\/IMG_8350-1_edited-1-500x333.webp 500w, https:\/\/dino-online.lu\/wp-content\/uploads\/2025\/09\/IMG_8350-1_edited-1-800x533.webp 800w, https:\/\/dino-online.lu\/wp-content\/uploads\/2025\/09\/IMG_8350-1_edited-1-1280x853.webp 1280w, https:\/\/dino-online.lu\/wp-content\/uploads\/2025\/09\/IMG_8350-1_edited-1-1920x1280.webp 1920w\" sizes=\"(max-width: 2048px) 100vw, 2048px\" \/>\t\t\t\t\t\t\t\t\t\t\t\t\t\t\t<\/div>\n\t\t\t\t<div class=\"elementor-element elementor-element-16bc902 elementor-widget elementor-widget-image\" data-id=\"16bc902\" data-element_type=\"widget\" data-e-type=\"widget\" data-widget_type=\"image.default\">\n\t\t\t\t\t\t\t\t\t\t\t\t\t\t\t<img decoding=\"async\" width=\"800\" height=\"533\" src=\"https:\/\/dino-online.lu\/wp-content\/uploads\/2025\/09\/3E9A2163-1280x853_edited-1024x682.webp\" class=\"attachment-large size-large wp-image-3788\" alt=\"\" srcset=\"https:\/\/dino-online.lu\/wp-content\/uploads\/2025\/09\/3E9A2163-1280x853_edited-1024x682.webp 1024w, https:\/\/dino-online.lu\/wp-content\/uploads\/2025\/09\/3E9A2163-1280x853_edited-300x200.webp 300w, https:\/\/dino-online.lu\/wp-content\/uploads\/2025\/09\/3E9A2163-1280x853_edited-768x512.webp 768w, https:\/\/dino-online.lu\/wp-content\/uploads\/2025\/09\/3E9A2163-1280x853_edited-500x333.webp 500w, https:\/\/dino-online.lu\/wp-content\/uploads\/2025\/09\/3E9A2163-1280x853_edited-800x533.webp 800w, https:\/\/dino-online.lu\/wp-content\/uploads\/2025\/09\/3E9A2163-1280x853_edited.webp 1280w\" sizes=\"(max-width: 800px) 100vw, 800px\" \/>\t\t\t\t\t\t\t\t\t\t\t\t\t\t\t<\/div>\n\t\t\t\t<\/div>\n\t\t<div class=\"elementor-element elementor-element-be139da e-con-full vc-mid e-flex e-con e-child\" data-id=\"be139da\" data-element_type=\"container\" data-e-type=\"container\" data-settings=\"{&quot;background_background&quot;:&quot;classic&quot;}\">\n\t\t<div class=\"elementor-element elementor-element-2fd024f e-con-full e-flex e-con e-child\" data-id=\"2fd024f\" data-element_type=\"container\" data-e-type=\"container\">\n\t\t<div class=\"elementor-element elementor-element-be0260e e-con-full mid-01 e-flex e-con e-child\" data-id=\"be0260e\" data-element_type=\"container\" data-e-type=\"container\">\n\t\t\t\t<div class=\"elementor-element elementor-element-87e4023 elementor-widget elementor-widget-heading\" data-id=\"87e4023\" data-element_type=\"widget\" data-e-type=\"widget\" data-widget_type=\"heading.default\">\n\t\t\t\t\t<p class=\"elementor-heading-title elementor-size-default\">01<\/p>\t\t\t\t<\/div>\n\t\t\t\t<div class=\"elementor-element elementor-element-944e575 elementor-widget elementor-widget-heading\" data-id=\"944e575\" data-element_type=\"widget\" data-e-type=\"widget\" data-widget_type=\"heading.default\">\n\t\t\t\t\t<h2 class=\"elementor-heading-title elementor-size-default\">Garantiert transparente Preise<\/h2>\t\t\t\t<\/div>\n\t\t\t\t<div class=\"elementor-element elementor-element-c3fb038 elementor-widget elementor-widget-text-editor\" data-id=\"c3fb038\" data-element_type=\"widget\" data-e-type=\"widget\" data-widget_type=\"text-editor.default\">\n\t\t\t\t\t\t\t\t\t<div class=\"jyX8vN\" role=\"listitem\"><div id=\"comp-mfuwqp77__item1\" class=\"comp-mfuwqp77 YzqVVZ wixui-repeater__item\" data-scope=\"comp-mfuwqp756__item1\" data-repeater-items-indexes=\"0\"><div class=\"\" data-mesh-id=\"comp-mfuwqp77__item1inlineContent\" data-testid=\"inline-content\"><div data-mesh-id=\"comp-mfuwqp77__item1inlineContent-gridContainer\" data-testid=\"mesh-container-content\"><div id=\"comp-mfuwqp796__item1\" class=\"s0rHfl\"><div id=\"text-content-comp-mfuwqp796__item1\" class=\"Z_l5lU ku3DBC zQ9jDz comp-mfuwqp796 wixui-rich-text\" data-scope=\"comp-mfuwqp756__item1\" data-repeater-items-indexes=\"0\" data-testid=\"richTextElement\"><p class=\"font_8 wixui-rich-text__text\"><span class=\"wixui-rich-text__text\">Mit unserer Pauschalpreisgarantie erhalten Sie immer ein klares und verbindliches Angebot. Keine b\u00f6sen \u00dcberraschungen, keine versteckten Kosten <\/span><\/p><\/div><\/div><\/div><\/div><\/div><\/div>\t\t\t\t\t\t\t\t<\/div>\n\t\t\t\t<\/div>\n\t\t<div class=\"elementor-element elementor-element-e395b94 e-con-full mid-02 e-flex e-con e-child\" data-id=\"e395b94\" data-element_type=\"container\" data-e-type=\"container\">\n\t\t\t\t<div class=\"elementor-element elementor-element-02bb690 elementor-widget elementor-widget-heading\" data-id=\"02bb690\" data-element_type=\"widget\" data-e-type=\"widget\" data-widget_type=\"heading.default\">\n\t\t\t\t\t<p class=\"elementor-heading-title elementor-size-default\">02<\/p>\t\t\t\t<\/div>\n\t\t\t\t<div class=\"elementor-element elementor-element-8deb358 elementor-widget elementor-widget-heading\" data-id=\"8deb358\" data-element_type=\"widget\" data-e-type=\"widget\" data-widget_type=\"heading.default\">\n\t\t\t\t\t<h2 class=\"elementor-heading-title elementor-size-default\">Ausgezeichnete Leistung<\/h2>\t\t\t\t<\/div>\n\t\t\t\t<div class=\"elementor-element elementor-element-5785f5d elementor-widget elementor-widget-text-editor\" data-id=\"5785f5d\" data-element_type=\"widget\" data-e-type=\"widget\" data-widget_type=\"text-editor.default\">\n\t\t\t\t\t\t\t\t\t<p>Unsere Fliesenleger erhalten jeden Monat eine Belohnung f\u00fcr die Qualit\u00e4t ihrer Arbeit. Dieser Anspruch spiegelt sich in jedem einzelnen Projekt wider. <\/p>\t\t\t\t\t\t\t\t<\/div>\n\t\t\t\t<\/div>\n\t\t\t\t<\/div>\n\t\t<div class=\"elementor-element elementor-element-fea5b23 e-con-full e-flex e-con e-child\" data-id=\"fea5b23\" data-element_type=\"container\" data-e-type=\"container\">\n\t\t<div class=\"elementor-element elementor-element-f49f7fc e-con-full mid-03 e-flex e-con e-child\" data-id=\"f49f7fc\" data-element_type=\"container\" data-e-type=\"container\">\n\t\t\t\t<div class=\"elementor-element elementor-element-b9fdeed elementor-widget elementor-widget-heading\" data-id=\"b9fdeed\" data-element_type=\"widget\" data-e-type=\"widget\" data-widget_type=\"heading.default\">\n\t\t\t\t\t<p class=\"elementor-heading-title elementor-size-default\">03<\/p>\t\t\t\t<\/div>\n\t\t\t\t<div class=\"elementor-element elementor-element-44141a1 elementor-widget elementor-widget-heading\" data-id=\"44141a1\" data-element_type=\"widget\" data-e-type=\"widget\" data-widget_type=\"heading.default\">\n\t\t\t\t\t<h2 class=\"elementor-heading-title elementor-size-default\">St\u00e4ndige Innovation<\/h2>\t\t\t\t<\/div>\n\t\t\t\t<div class=\"elementor-element elementor-element-cedd11a elementor-widget elementor-widget-text-editor\" data-id=\"cedd11a\" data-element_type=\"widget\" data-e-type=\"widget\" data-widget_type=\"text-editor.default\">\n\t\t\t\t\t\t\t\t\t<p>Unser Showroom wird st\u00e4ndig weiterentwickelt. Jedes Jahr werden fast 40% der Ausstellung renoviert, um Ihnen neue Inspirationen zu bieten. <\/p>\t\t\t\t\t\t\t\t<\/div>\n\t\t\t\t<\/div>\n\t\t<div class=\"elementor-element elementor-element-17ed38c e-con-full mid-04 e-flex e-con e-child\" data-id=\"17ed38c\" data-element_type=\"container\" data-e-type=\"container\">\n\t\t\t\t<div class=\"elementor-element elementor-element-4e056c8 elementor-widget elementor-widget-heading\" data-id=\"4e056c8\" data-element_type=\"widget\" data-e-type=\"widget\" data-widget_type=\"heading.default\">\n\t\t\t\t\t<p class=\"elementor-heading-title elementor-size-default\">04<\/p>\t\t\t\t<\/div>\n\t\t\t\t<div class=\"elementor-element elementor-element-b9539d7 elementor-widget elementor-widget-heading\" data-id=\"b9539d7\" data-element_type=\"widget\" data-e-type=\"widget\" data-widget_type=\"heading.default\">\n\t\t\t\t\t<h2 class=\"elementor-heading-title elementor-size-default\">Reaktivit\u00e4t &amp; Service<\/h2>\t\t\t\t<\/div>\n\t\t\t\t<div class=\"elementor-element elementor-element-17e0b7b elementor-widget elementor-widget-text-editor\" data-id=\"17e0b7b\" data-element_type=\"widget\" data-e-type=\"widget\" data-widget_type=\"text-editor.default\">\n\t\t\t\t\t\t\t\t\t<div id=\"comp-mfuwqp756\" class=\" comp-mfuwqp756 wixui-repeater\"><div class=\"GBeul8\" role=\"list\"><div class=\"XhOcSp\"><div class=\"jyX8vN\" role=\"listitem\"><div id=\"comp-mfuwqp77__item-kes48p25\" class=\"comp-mfuwqp77 YzqVVZ wixui-repeater__item\" data-scope=\"comp-mfuwqp756__item-kes48p25\" data-repeater-items-indexes=\"3\"><div class=\"\" data-mesh-id=\"comp-mfuwqp77__item-kes48p25inlineContent\" data-testid=\"inline-content\"><div data-mesh-id=\"comp-mfuwqp77__item-kes48p25inlineContent-gridContainer\" data-testid=\"mesh-container-content\"><div id=\"comp-mfuwqp796__item-kes48p25\" class=\"s0rHfl\"><div id=\"text-content-comp-mfuwqp796__item-kes48p25\" class=\"Z_l5lU ku3DBC zQ9jDz comp-mfuwqp796 wixui-rich-text\" data-scope=\"comp-mfuwqp756__item-kes48p25\" data-repeater-items-indexes=\"3\" data-testid=\"richTextElement\"><p class=\"font_8 wixui-rich-text__text\"><span class=\"wixui-rich-text__text\">Wir verpflichten uns, Ihnen innerhalb von 5 Arbeitstagen ein vollst\u00e4ndiges Angebot zu unterbreiten. Schnelligkeit, Effizienz und Kundenn\u00e4he stehen an erster Stelle. <\/span><\/p><\/div><\/div><\/div><\/div><\/div><\/div><\/div><\/div><\/div>\t\t\t\t\t\t\t\t<\/div>\n\t\t\t\t<\/div>\n\t\t\t\t<\/div>\n\t\t\t\t<\/div>\n\t\t<div class=\"elementor-element elementor-element-2a1ae6c e-con-full elementor-hidden-tablet elementor-hidden-mobile vc-right e-flex e-con e-child\" data-id=\"2a1ae6c\" data-element_type=\"container\" data-e-type=\"container\">\n\t\t\t\t<div class=\"elementor-element elementor-element-4b14dca elementor-widget elementor-widget-image\" data-id=\"4b14dca\" data-element_type=\"widget\" data-e-type=\"widget\" data-widget_type=\"image.default\">\n\t\t\t\t\t\t\t\t\t\t\t\t\t\t\t<img loading=\"lazy\" decoding=\"async\" width=\"1707\" height=\"2560\" src=\"https:\/\/dino-online.lu\/wp-content\/uploads\/2025\/10\/ShowroomDC-191-X-1920x2880-1-scaled.webp\" class=\"attachment-full size-full wp-image-4395\" alt=\"\" srcset=\"https:\/\/dino-online.lu\/wp-content\/uploads\/2025\/10\/ShowroomDC-191-X-1920x2880-1-scaled.webp 1707w, https:\/\/dino-online.lu\/wp-content\/uploads\/2025\/10\/ShowroomDC-191-X-1920x2880-1-200x300.webp 200w, https:\/\/dino-online.lu\/wp-content\/uploads\/2025\/10\/ShowroomDC-191-X-1920x2880-1-683x1024.webp 683w, https:\/\/dino-online.lu\/wp-content\/uploads\/2025\/10\/ShowroomDC-191-X-1920x2880-1-768x1152.webp 768w, https:\/\/dino-online.lu\/wp-content\/uploads\/2025\/10\/ShowroomDC-191-X-1920x2880-1-1024x1536.webp 1024w, https:\/\/dino-online.lu\/wp-content\/uploads\/2025\/10\/ShowroomDC-191-X-1920x2880-1-1365x2048.webp 1365w, https:\/\/dino-online.lu\/wp-content\/uploads\/2025\/10\/ShowroomDC-191-X-1920x2880-1-500x750.webp 500w, https:\/\/dino-online.lu\/wp-content\/uploads\/2025\/10\/ShowroomDC-191-X-1920x2880-1-800x1200.webp 800w, https:\/\/dino-online.lu\/wp-content\/uploads\/2025\/10\/ShowroomDC-191-X-1920x2880-1-1280x1920.webp 1280w\" sizes=\"(max-width: 1707px) 100vw, 1707px\" \/>\t\t\t\t\t\t\t\t\t\t\t\t\t\t\t<\/div>\n\t\t\t\t<div class=\"elementor-element elementor-element-534692e elementor-hidden-mobile elementor-widget elementor-widget-image\" data-id=\"534692e\" data-element_type=\"widget\" data-e-type=\"widget\" data-widget_type=\"image.default\">\n\t\t\t\t\t\t\t\t\t\t\t\t\t\t\t<img loading=\"lazy\" decoding=\"async\" width=\"1920\" height=\"1280\" src=\"https:\/\/dino-online.lu\/wp-content\/uploads\/2025\/09\/ShowroomDC-189-X-1920x1280_edited-1.webp\" class=\"attachment-full size-full wp-image-3843\" alt=\"\" srcset=\"https:\/\/dino-online.lu\/wp-content\/uploads\/2025\/09\/ShowroomDC-189-X-1920x1280_edited-1.webp 1920w, https:\/\/dino-online.lu\/wp-content\/uploads\/2025\/09\/ShowroomDC-189-X-1920x1280_edited-1-300x200.webp 300w, https:\/\/dino-online.lu\/wp-content\/uploads\/2025\/09\/ShowroomDC-189-X-1920x1280_edited-1-1024x683.webp 1024w, https:\/\/dino-online.lu\/wp-content\/uploads\/2025\/09\/ShowroomDC-189-X-1920x1280_edited-1-768x512.webp 768w, https:\/\/dino-online.lu\/wp-content\/uploads\/2025\/09\/ShowroomDC-189-X-1920x1280_edited-1-1536x1024.webp 1536w, https:\/\/dino-online.lu\/wp-content\/uploads\/2025\/09\/ShowroomDC-189-X-1920x1280_edited-1-500x333.webp 500w, https:\/\/dino-online.lu\/wp-content\/uploads\/2025\/09\/ShowroomDC-189-X-1920x1280_edited-1-800x533.webp 800w, https:\/\/dino-online.lu\/wp-content\/uploads\/2025\/09\/ShowroomDC-189-X-1920x1280_edited-1-1280x853.webp 1280w\" sizes=\"(max-width: 1920px) 100vw, 1920px\" \/>\t\t\t\t\t\t\t\t\t\t\t\t\t\t\t<\/div>\n\t\t\t\t<\/div>\n\t\t\t\t\t<\/div>\n\t\t\t\t<\/div>\n\t\t\t\t<\/div>\n\t\t","protected":false},"excerpt":{"rendered":"<p>Happy to be different 01 Garantiert transparente Preise Mit unserer Pauschalpreisgarantie erhalten Sie immer ein klares und verbindliches Angebot. Keine b\u00f6sen \u00dcberraschungen, keine versteckten Kosten 02 Ausgezeichnete Leistung Unsere Fliesenleger erhalten jeden Monat eine Belohnung f\u00fcr die Qualit\u00e4t ihrer Arbeit. Dieser Anspruch spiegelt sich in jedem einzelnen Projekt wider. 03 St\u00e4ndige Innovation Unser Showroom wird [&hellip;]<\/p>\n","protected":false},"author":1,"featured_media":0,"parent":0,"menu_order":0,"comment_status":"closed","ping_status":"closed","template":"","meta":{"footnotes":""},"class_list":["post-4882","page","type-page","status-publish","hentry"],"_links":{"self":[{"href":"https:\/\/dino-online.lu\/de\/wp-json\/wp\/v2\/pages\/4882","targetHints":{"allow":["GET"]}}],"collection":[{"href":"https:\/\/dino-online.lu\/de\/wp-json\/wp\/v2\/pages"}],"about":[{"href":"https:\/\/dino-online.lu\/de\/wp-json\/wp\/v2\/types\/page"}],"author":[{"embeddable":true,"href":"https:\/\/dino-online.lu\/de\/wp-json\/wp\/v2\/users\/1"}],"replies":[{"embeddable":true,"href":"https:\/\/dino-online.lu\/de\/wp-json\/wp\/v2\/comments?post=4882"}],"version-history":[{"count":0,"href":"https:\/\/dino-online.lu\/de\/wp-json\/wp\/v2\/pages\/4882\/revisions"}],"wp:attachment":[{"href":"https:\/\/dino-online.lu\/de\/wp-json\/wp\/v2\/media?parent=4882"}],"curies":[{"name":"wp","href":"https:\/\/api.w.org\/{rel}","templated":true}]}}