{"id":4876,"date":"2025-09-25T10:46:41","date_gmt":"2025-09-25T08:46:41","guid":{"rendered":"http:\/\/dino-online.lu.dedi2324.your-server.de\/karriere\/"},"modified":"2025-10-22T13:41:22","modified_gmt":"2025-10-22T11:41:22","slug":"karriere","status":"publish","type":"page","link":"https:\/\/dino-online.lu\/de\/karriere\/","title":{"rendered":"Karriere"},"content":{"rendered":"\t\t<div data-elementor-type=\"wp-page\" data-elementor-id=\"4876\" class=\"elementor elementor-4876 elementor-3612\" data-elementor-post-type=\"page\">\n\t\t\t\t<div class=\"elementor-element elementor-element-6e3db9f e-con-full e-flex e-con e-parent\" data-id=\"6e3db9f\" data-element_type=\"container\" data-e-type=\"container\" data-settings=\"{&quot;background_background&quot;:&quot;classic&quot;}\">\n\t\t\t\t<\/div>\n\t\t<div class=\"elementor-element elementor-element-b1a270d e-con-full e-flex e-con e-parent\" data-id=\"b1a270d\" data-element_type=\"container\" data-e-type=\"container\" data-settings=\"{&quot;background_background&quot;:&quot;classic&quot;}\">\n\t\t<div class=\"elementor-element elementor-element-195bb80 e-con-full e-flex e-con e-child\" data-id=\"195bb80\" data-element_type=\"container\" data-e-type=\"container\" data-settings=\"{&quot;background_background&quot;:&quot;classic&quot;}\">\n\t\t\t\t<div class=\"elementor-element elementor-element-9ce0a24 elementor-widget__width-initial elementor-widget elementor-widget-heading\" data-id=\"9ce0a24\" data-element_type=\"widget\" data-e-type=\"widget\" data-widget_type=\"heading.default\">\n\t\t\t\t\t<h1 class=\"elementor-heading-title elementor-size-default\">Kommen Sie in unser Team<\/h1>\t\t\t\t<\/div>\n\t\t\t\t<div class=\"elementor-element elementor-element-524801b elementor-widget__width-initial elementor-widget elementor-widget-text-editor\" data-id=\"524801b\" data-element_type=\"widget\" data-e-type=\"widget\" data-widget_type=\"text-editor.default\">\n\t\t\t\t\t\t\t\t\t<p class=\"font_8 wixui-rich-text__text\"><span class=\"wixui-rich-text__text\">M\u00f6chten Sie Ihre F\u00e4higkeiten in den Dienst eines Unternehmens stellen, das f\u00fcr sein Know-how und seine Qualit\u00e4tsanspr\u00fcche bekannt ist?<\/span><\/p><p class=\"font_8 wixui-rich-text__text\"><span class=\"wixui-rich-text__text\">Bei Carrelages Dino De Cecco sind wir davon \u00fcberzeugt, dass der Erfolg nicht nur auf unseren Produkten beruht, sondern auch auf den Menschen, die sie verk\u00f6rpern.<\/span><\/p><p class=\"font_8 wixui-rich-text__text\"><span class=\"wixui-rich-text__text\"><span class=\"wixui-rich-text__text\">Wir suchen motivierte, gr\u00fcndliche Mitarbeiter, die bereit sind, sich in einem anspruchsvollen und bereichernden Umfeld zu engagieren.<\/span><\/span><\/p><p class=\"font_8 wixui-rich-text__text\"><span class=\"wixui-rich-text__text\">Wenn Sie Teil unseres Teams werden m\u00f6chten, senden Sie Ihre Bewerbung an: livio@dino-online.lu<\/span><\/p>\t\t\t\t\t\t\t\t<\/div>\n\t\t\t\t<\/div>\n\t\t\t\t<\/div>\n\t\t\t\t<\/div>\n\t\t","protected":false},"excerpt":{"rendered":"<p>Kommen Sie in unser Team M\u00f6chten Sie Ihre F\u00e4higkeiten in den Dienst eines Unternehmens stellen, das f\u00fcr sein Know-how und seine Qualit\u00e4tsanspr\u00fcche bekannt ist? Bei Carrelages Dino De Cecco sind wir davon \u00fcberzeugt, dass der Erfolg nicht nur auf unseren Produkten beruht, sondern auch auf den Menschen, die sie verk\u00f6rpern. Wir suchen motivierte, gr\u00fcndliche Mitarbeiter, [&hellip;]<\/p>\n","protected":false},"author":1,"featured_media":0,"parent":0,"menu_order":0,"comment_status":"closed","ping_status":"closed","template":"","meta":{"footnotes":""},"class_list":["post-4876","page","type-page","status-publish","hentry"],"_links":{"self":[{"href":"https:\/\/dino-online.lu\/de\/wp-json\/wp\/v2\/pages\/4876","targetHints":{"allow":["GET"]}}],"collection":[{"href":"https:\/\/dino-online.lu\/de\/wp-json\/wp\/v2\/pages"}],"about":[{"href":"https:\/\/dino-online.lu\/de\/wp-json\/wp\/v2\/types\/page"}],"author":[{"embeddable":true,"href":"https:\/\/dino-online.lu\/de\/wp-json\/wp\/v2\/users\/1"}],"replies":[{"embeddable":true,"href":"https:\/\/dino-online.lu\/de\/wp-json\/wp\/v2\/comments?post=4876"}],"version-history":[{"count":0,"href":"https:\/\/dino-online.lu\/de\/wp-json\/wp\/v2\/pages\/4876\/revisions"}],"wp:attachment":[{"href":"https:\/\/dino-online.lu\/de\/wp-json\/wp\/v2\/media?parent=4876"}],"curies":[{"name":"wp","href":"https:\/\/api.w.org\/{rel}","templated":true}]}}