{"id":4872,"date":"2025-10-03T11:14:48","date_gmt":"2025-10-03T09:14:48","guid":{"rendered":"http:\/\/dino-online.lu.dedi2324.your-server.de\/fliesen-und-designs-fuer-das-badezimmer\/"},"modified":"2025-10-22T12:05:08","modified_gmt":"2025-10-22T10:05:08","slug":"fliesen-und-designs-fuer-das-badezimmer","status":"publish","type":"page","link":"https:\/\/dino-online.lu\/de\/fliesen-und-designs-fuer-das-badezimmer\/","title":{"rendered":"Fliesen und Designs f\u00fcr das Badezimmer"},"content":{"rendered":"\t\t<div data-elementor-type=\"wp-page\" data-elementor-id=\"4872\" class=\"elementor elementor-4872 elementor-4428\" data-elementor-post-type=\"page\">\n\t\t\t\t<div class=\"elementor-element elementor-element-43f8790 e-flex e-con-boxed e-con e-parent\" data-id=\"43f8790\" data-element_type=\"container\" data-e-type=\"container\">\n\t\t\t\t\t<div class=\"e-con-inner\">\n\t\t\t\t<div class=\"elementor-element elementor-element-918bd4b elementor-widget elementor-widget-button\" data-id=\"918bd4b\" data-element_type=\"widget\" data-e-type=\"widget\" data-widget_type=\"button.default\">\n\t\t\t\t\t\t\t\t\t\t<a class=\"elementor-button elementor-button-link elementor-size-sm\" href=\"http:\/\/dino-online.lu\/de\/galerie\/\">\n\t\t\t\t\t\t<span class=\"elementor-button-content-wrapper\">\n\t\t\t\t\t\t<span class=\"elementor-button-icon\">\n\t\t\t\t<svg aria-hidden=\"true\" class=\"e-font-icon-svg e-fas-angle-left\" viewBox=\"0 0 256 512\" xmlns=\"http:\/\/www.w3.org\/2000\/svg\"><path d=\"M31.7 239l136-136c9.4-9.4 24.6-9.4 33.9 0l22.6 22.6c9.4 9.4 9.4 24.6 0 33.9L127.9 256l96.4 96.4c9.4 9.4 9.4 24.6 0 33.9L201.7 409c-9.4 9.4-24.6 9.4-33.9 0l-136-136c-9.5-9.4-9.5-24.6-.1-34z\"><\/path><\/svg>\t\t\t<\/span>\n\t\t\t\t\t\t\t\t\t<span class=\"elementor-button-text\">Zur\u00fcck<\/span>\n\t\t\t\t\t<\/span>\n\t\t\t\t\t<\/a>\n\t\t\t\t\t\t\t\t<\/div>\n\t\t\t\t\t<\/div>\n\t\t\t\t<\/div>\n\t\t<div class=\"elementor-element elementor-element-2d61385 e-flex e-con-boxed e-con e-parent\" data-id=\"2d61385\" data-element_type=\"container\" data-e-type=\"container\">\n\t\t\t\t\t<div class=\"e-con-inner\">\n\t\t\t\t<div class=\"elementor-element elementor-element-6105066 elementor-widget elementor-widget-heading\" data-id=\"6105066\" data-element_type=\"widget\" data-e-type=\"widget\" data-widget_type=\"heading.default\">\n\t\t\t\t\t<h1 class=\"elementor-heading-title elementor-size-default\">Fliesen und Designs f\u00fcr das Badezimmer<\/h1>\t\t\t\t<\/div>\n\t\t\t\t<div class=\"elementor-element elementor-element-8c0c7fd elementor-widget__width-initial elementor-widget elementor-widget-text-editor\" data-id=\"8c0c7fd\" data-element_type=\"widget\" data-e-type=\"widget\" data-widget_type=\"text-editor.default\">\n\t\t\t\t\t\t\t\t\t<p>Hier finden Sie einige tolle Ideen f\u00fcr Fliesen und Einrichtungen. Alle Fotos wurden vor Ort in unserem Ausstellungsraum aufgenommen. <\/p>\t\t\t\t\t\t\t\t<\/div>\n\t\t\t\t\t<\/div>\n\t\t\t\t<\/div>\n\t\t<div class=\"elementor-element elementor-element-6d5bbf3 e-flex e-con-boxed e-con e-parent\" data-id=\"6d5bbf3\" data-element_type=\"container\" data-e-type=\"container\">\n\t\t\t\t\t<div class=\"e-con-inner\">\n\t\t\t\t<div class=\"elementor-element elementor-element-0c184e1 elementor-widget elementor-widget-gallery\" data-id=\"0c184e1\" data-element_type=\"widget\" data-e-type=\"widget\" data-settings=\"{&quot;gallery_layout&quot;:&quot;masonry&quot;,&quot;lazyload&quot;:&quot;yes&quot;,&quot;columns&quot;:4,&quot;columns_tablet&quot;:2,&quot;columns_mobile&quot;:1,&quot;gap&quot;:{&quot;unit&quot;:&quot;px&quot;,&quot;size&quot;:10,&quot;sizes&quot;:[]},&quot;gap_tablet&quot;:{&quot;unit&quot;:&quot;px&quot;,&quot;size&quot;:10,&quot;sizes&quot;:[]},&quot;gap_mobile&quot;:{&quot;unit&quot;:&quot;px&quot;,&quot;size&quot;:10,&quot;sizes&quot;:[]},&quot;link_to&quot;:&quot;file&quot;,&quot;overlay_background&quot;:&quot;yes&quot;,&quot;content_hover_animation&quot;:&quot;fade-in&quot;}\" data-widget_type=\"gallery.default\">\n\t\t\t\t\t\t\t<div class=\"elementor-gallery__container\">\n\t\t\t\t\t\t\t<a class=\"e-gallery-item elementor-gallery-item elementor-animated-content\" href=\"https:\/\/dino-online.lu\/wp-content\/uploads\/2025\/07\/ShowroomDC-27-B-scaled.jpg\" data-elementor-open-lightbox=\"yes\" data-elementor-lightbox-slideshow=\"0c184e1\" data-elementor-lightbox-title=\"ShowroomDC-27 B\" data-e-action-hash=\"#elementor-action%3Aaction%3Dlightbox%26settings%3DeyJpZCI6MzQ0MiwidXJsIjoiaHR0cHM6XC9cL2Rpbm8tb25saW5lLmx1XC93cC1jb250ZW50XC91cGxvYWRzXC8yMDI1XC8wN1wvU2hvd3Jvb21EQy0yNy1CLXNjYWxlZC5qcGciLCJzbGlkZXNob3ciOiIwYzE4NGUxIn0%3D\">\n\t\t\t\t\t<div class=\"e-gallery-image elementor-gallery-item__image\" data-thumbnail=\"https:\/\/dino-online.lu\/wp-content\/uploads\/2025\/07\/ShowroomDC-27-B-scaled.jpg\" data-width=\"2048\" data-height=\"1366\" aria-label=\"\" role=\"img\" ><\/div>\n\t\t\t\t\t\t\t\t\t\t\t<div class=\"elementor-gallery-item__overlay\"><\/div>\n\t\t\t\t\t\t\t\t\t\t\t\t\t\t<\/a>\n\t\t\t\t\t\t\t<a class=\"e-gallery-item elementor-gallery-item elementor-animated-content\" href=\"https:\/\/dino-online.lu\/wp-content\/uploads\/2025\/07\/ShowroomDC-23-B-scaled.jpg\" data-elementor-open-lightbox=\"yes\" data-elementor-lightbox-slideshow=\"0c184e1\" data-elementor-lightbox-title=\"ShowroomDC-23 B\" data-e-action-hash=\"#elementor-action%3Aaction%3Dlightbox%26settings%3DeyJpZCI6MzQzOCwidXJsIjoiaHR0cHM6XC9cL2Rpbm8tb25saW5lLmx1XC93cC1jb250ZW50XC91cGxvYWRzXC8yMDI1XC8wN1wvU2hvd3Jvb21EQy0yMy1CLXNjYWxlZC5qcGciLCJzbGlkZXNob3ciOiIwYzE4NGUxIn0%3D\">\n\t\t\t\t\t<div class=\"e-gallery-image elementor-gallery-item__image\" data-thumbnail=\"https:\/\/dino-online.lu\/wp-content\/uploads\/2025\/07\/ShowroomDC-23-B-scaled.jpg\" data-width=\"2048\" data-height=\"1366\" aria-label=\"\" role=\"img\" ><\/div>\n\t\t\t\t\t\t\t\t\t\t\t<div class=\"elementor-gallery-item__overlay\"><\/div>\n\t\t\t\t\t\t\t\t\t\t\t\t\t\t<\/a>\n\t\t\t\t\t\t\t<a class=\"e-gallery-item elementor-gallery-item elementor-animated-content\" href=\"https:\/\/dino-online.lu\/wp-content\/uploads\/2025\/07\/ShowroomDC-48-B-scaled.jpg\" data-elementor-open-lightbox=\"yes\" data-elementor-lightbox-slideshow=\"0c184e1\" data-elementor-lightbox-title=\"ShowroomDC-48 B\" data-e-action-hash=\"#elementor-action%3Aaction%3Dlightbox%26settings%3DeyJpZCI6MzQ4MiwidXJsIjoiaHR0cHM6XC9cL2Rpbm8tb25saW5lLmx1XC93cC1jb250ZW50XC91cGxvYWRzXC8yMDI1XC8wN1wvU2hvd3Jvb21EQy00OC1CLXNjYWxlZC5qcGciLCJzbGlkZXNob3ciOiIwYzE4NGUxIn0%3D\">\n\t\t\t\t\t<div class=\"e-gallery-image elementor-gallery-item__image\" data-thumbnail=\"https:\/\/dino-online.lu\/wp-content\/uploads\/2025\/07\/ShowroomDC-48-B-scaled.jpg\" data-width=\"1707\" data-height=\"2560\" aria-label=\"\" role=\"img\" ><\/div>\n\t\t\t\t\t\t\t\t\t\t\t<div class=\"elementor-gallery-item__overlay\"><\/div>\n\t\t\t\t\t\t\t\t\t\t\t\t\t\t<\/a>\n\t\t\t\t\t\t\t<a class=\"e-gallery-item elementor-gallery-item elementor-animated-content\" href=\"https:\/\/dino-online.lu\/wp-content\/uploads\/2025\/07\/ShowroomDC-50-B-scaled.jpg\" data-elementor-open-lightbox=\"yes\" data-elementor-lightbox-slideshow=\"0c184e1\" data-elementor-lightbox-title=\"ShowroomDC-50 B\" data-e-action-hash=\"#elementor-action%3Aaction%3Dlightbox%26settings%3DeyJpZCI6MzQ4NiwidXJsIjoiaHR0cHM6XC9cL2Rpbm8tb25saW5lLmx1XC93cC1jb250ZW50XC91cGxvYWRzXC8yMDI1XC8wN1wvU2hvd3Jvb21EQy01MC1CLXNjYWxlZC5qcGciLCJzbGlkZXNob3ciOiIwYzE4NGUxIn0%3D\">\n\t\t\t\t\t<div class=\"e-gallery-image elementor-gallery-item__image\" data-thumbnail=\"https:\/\/dino-online.lu\/wp-content\/uploads\/2025\/07\/ShowroomDC-50-B-scaled.jpg\" data-width=\"1707\" data-height=\"2560\" aria-label=\"\" role=\"img\" ><\/div>\n\t\t\t\t\t\t\t\t\t\t\t<div class=\"elementor-gallery-item__overlay\"><\/div>\n\t\t\t\t\t\t\t\t\t\t\t\t\t\t<\/a>\n\t\t\t\t\t\t\t<a class=\"e-gallery-item elementor-gallery-item elementor-animated-content\" href=\"https:\/\/dino-online.lu\/wp-content\/uploads\/2025\/07\/ShowroomDC-54-B-scaled.jpg\" data-elementor-open-lightbox=\"yes\" data-elementor-lightbox-slideshow=\"0c184e1\" data-elementor-lightbox-title=\"ShowroomDC-54 B\" data-e-action-hash=\"#elementor-action%3Aaction%3Dlightbox%26settings%3DeyJpZCI6MzQ5MCwidXJsIjoiaHR0cHM6XC9cL2Rpbm8tb25saW5lLmx1XC93cC1jb250ZW50XC91cGxvYWRzXC8yMDI1XC8wN1wvU2hvd3Jvb21EQy01NC1CLXNjYWxlZC5qcGciLCJzbGlkZXNob3ciOiIwYzE4NGUxIn0%3D\">\n\t\t\t\t\t<div class=\"e-gallery-image elementor-gallery-item__image\" data-thumbnail=\"https:\/\/dino-online.lu\/wp-content\/uploads\/2025\/07\/ShowroomDC-54-B-scaled.jpg\" data-width=\"1707\" data-height=\"2560\" aria-label=\"\" role=\"img\" ><\/div>\n\t\t\t\t\t\t\t\t\t\t\t<div class=\"elementor-gallery-item__overlay\"><\/div>\n\t\t\t\t\t\t\t\t\t\t\t\t\t\t<\/a>\n\t\t\t\t\t\t\t<a class=\"e-gallery-item elementor-gallery-item elementor-animated-content\" href=\"https:\/\/dino-online.lu\/wp-content\/uploads\/2025\/07\/ShowroomDC-58-B-scaled.jpg\" data-elementor-open-lightbox=\"yes\" data-elementor-lightbox-slideshow=\"0c184e1\" data-elementor-lightbox-title=\"ShowroomDC-58 B\" data-e-action-hash=\"#elementor-action%3Aaction%3Dlightbox%26settings%3DeyJpZCI6MzQ5NCwidXJsIjoiaHR0cHM6XC9cL2Rpbm8tb25saW5lLmx1XC93cC1jb250ZW50XC91cGxvYWRzXC8yMDI1XC8wN1wvU2hvd3Jvb21EQy01OC1CLXNjYWxlZC5qcGciLCJzbGlkZXNob3ciOiIwYzE4NGUxIn0%3D\">\n\t\t\t\t\t<div class=\"e-gallery-image elementor-gallery-item__image\" data-thumbnail=\"https:\/\/dino-online.lu\/wp-content\/uploads\/2025\/07\/ShowroomDC-58-B-scaled.jpg\" data-width=\"1707\" data-height=\"2560\" aria-label=\"\" role=\"img\" ><\/div>\n\t\t\t\t\t\t\t\t\t\t\t<div class=\"elementor-gallery-item__overlay\"><\/div>\n\t\t\t\t\t\t\t\t\t\t\t\t\t\t<\/a>\n\t\t\t\t\t\t\t<a class=\"e-gallery-item elementor-gallery-item elementor-animated-content\" href=\"https:\/\/dino-online.lu\/wp-content\/uploads\/2025\/07\/ShowroomDC-64-B-scaled.jpg\" data-elementor-open-lightbox=\"yes\" data-elementor-lightbox-slideshow=\"0c184e1\" data-elementor-lightbox-title=\"ShowroomDC-64 B\" data-e-action-hash=\"#elementor-action%3Aaction%3Dlightbox%26settings%3DeyJpZCI6MzQ5OCwidXJsIjoiaHR0cHM6XC9cL2Rpbm8tb25saW5lLmx1XC93cC1jb250ZW50XC91cGxvYWRzXC8yMDI1XC8wN1wvU2hvd3Jvb21EQy02NC1CLXNjYWxlZC5qcGciLCJzbGlkZXNob3ciOiIwYzE4NGUxIn0%3D\">\n\t\t\t\t\t<div class=\"e-gallery-image elementor-gallery-item__image\" data-thumbnail=\"https:\/\/dino-online.lu\/wp-content\/uploads\/2025\/07\/ShowroomDC-64-B-scaled.jpg\" data-width=\"1707\" data-height=\"2560\" aria-label=\"\" role=\"img\" ><\/div>\n\t\t\t\t\t\t\t\t\t\t\t<div class=\"elementor-gallery-item__overlay\"><\/div>\n\t\t\t\t\t\t\t\t\t\t\t\t\t\t<\/a>\n\t\t\t\t\t\t\t<a class=\"e-gallery-item elementor-gallery-item elementor-animated-content\" href=\"https:\/\/dino-online.lu\/wp-content\/uploads\/2025\/07\/ShowroomDC-59-B-scaled.jpg\" data-elementor-open-lightbox=\"yes\" data-elementor-lightbox-slideshow=\"0c184e1\" data-elementor-lightbox-title=\"ShowroomDC-59 B\" data-e-action-hash=\"#elementor-action%3Aaction%3Dlightbox%26settings%3DeyJpZCI6MzQ1OCwidXJsIjoiaHR0cHM6XC9cL2Rpbm8tb25saW5lLmx1XC93cC1jb250ZW50XC91cGxvYWRzXC8yMDI1XC8wN1wvU2hvd3Jvb21EQy01OS1CLXNjYWxlZC5qcGciLCJzbGlkZXNob3ciOiIwYzE4NGUxIn0%3D\">\n\t\t\t\t\t<div class=\"e-gallery-image elementor-gallery-item__image\" data-thumbnail=\"https:\/\/dino-online.lu\/wp-content\/uploads\/2025\/07\/ShowroomDC-59-B-scaled.jpg\" data-width=\"2048\" data-height=\"1366\" aria-label=\"\" role=\"img\" ><\/div>\n\t\t\t\t\t\t\t\t\t\t\t<div class=\"elementor-gallery-item__overlay\"><\/div>\n\t\t\t\t\t\t\t\t\t\t\t\t\t\t<\/a>\n\t\t\t\t\t\t\t<a class=\"e-gallery-item elementor-gallery-item elementor-animated-content\" href=\"https:\/\/dino-online.lu\/wp-content\/uploads\/2025\/07\/ShowroomDC-83-B-scaled.jpg\" data-elementor-open-lightbox=\"yes\" data-elementor-lightbox-slideshow=\"0c184e1\" data-elementor-lightbox-title=\"ShowroomDC-83 B\" data-e-action-hash=\"#elementor-action%3Aaction%3Dlightbox%26settings%3DeyJpZCI6MzQ3MCwidXJsIjoiaHR0cHM6XC9cL2Rpbm8tb25saW5lLmx1XC93cC1jb250ZW50XC91cGxvYWRzXC8yMDI1XC8wN1wvU2hvd3Jvb21EQy04My1CLXNjYWxlZC5qcGciLCJzbGlkZXNob3ciOiIwYzE4NGUxIn0%3D\">\n\t\t\t\t\t<div class=\"e-gallery-image elementor-gallery-item__image\" data-thumbnail=\"https:\/\/dino-online.lu\/wp-content\/uploads\/2025\/07\/ShowroomDC-83-B-scaled.jpg\" data-width=\"2048\" data-height=\"1366\" aria-label=\"\" role=\"img\" ><\/div>\n\t\t\t\t\t\t\t\t\t\t\t<div class=\"elementor-gallery-item__overlay\"><\/div>\n\t\t\t\t\t\t\t\t\t\t\t\t\t\t<\/a>\n\t\t\t\t\t\t\t<a class=\"e-gallery-item elementor-gallery-item elementor-animated-content\" href=\"https:\/\/dino-online.lu\/wp-content\/uploads\/2025\/07\/ShowroomDC-88-B-scaled.jpg\" data-elementor-open-lightbox=\"yes\" data-elementor-lightbox-slideshow=\"0c184e1\" data-elementor-lightbox-title=\"ShowroomDC-88 B\" data-e-action-hash=\"#elementor-action%3Aaction%3Dlightbox%26settings%3DeyJpZCI6MzQ3NCwidXJsIjoiaHR0cHM6XC9cL2Rpbm8tb25saW5lLmx1XC93cC1jb250ZW50XC91cGxvYWRzXC8yMDI1XC8wN1wvU2hvd3Jvb21EQy04OC1CLXNjYWxlZC5qcGciLCJzbGlkZXNob3ciOiIwYzE4NGUxIn0%3D\">\n\t\t\t\t\t<div class=\"e-gallery-image elementor-gallery-item__image\" data-thumbnail=\"https:\/\/dino-online.lu\/wp-content\/uploads\/2025\/07\/ShowroomDC-88-B-scaled.jpg\" data-width=\"1707\" data-height=\"2560\" aria-label=\"\" role=\"img\" ><\/div>\n\t\t\t\t\t\t\t\t\t\t\t<div class=\"elementor-gallery-item__overlay\"><\/div>\n\t\t\t\t\t\t\t\t\t\t\t\t\t\t<\/a>\n\t\t\t\t\t\t\t<a class=\"e-gallery-item elementor-gallery-item elementor-animated-content\" href=\"https:\/\/dino-online.lu\/wp-content\/uploads\/2025\/07\/ShowroomDC-72-B-scaled.jpg\" data-elementor-open-lightbox=\"yes\" data-elementor-lightbox-slideshow=\"0c184e1\" data-elementor-lightbox-title=\"ShowroomDC-72 B\" data-e-action-hash=\"#elementor-action%3Aaction%3Dlightbox%26settings%3DeyJpZCI6MzQ2NiwidXJsIjoiaHR0cHM6XC9cL2Rpbm8tb25saW5lLmx1XC93cC1jb250ZW50XC91cGxvYWRzXC8yMDI1XC8wN1wvU2hvd3Jvb21EQy03Mi1CLXNjYWxlZC5qcGciLCJzbGlkZXNob3ciOiIwYzE4NGUxIn0%3D\">\n\t\t\t\t\t<div class=\"e-gallery-image elementor-gallery-item__image\" data-thumbnail=\"https:\/\/dino-online.lu\/wp-content\/uploads\/2025\/07\/ShowroomDC-72-B-scaled.jpg\" data-width=\"1707\" data-height=\"2560\" aria-label=\"\" role=\"img\" ><\/div>\n\t\t\t\t\t\t\t\t\t\t\t<div class=\"elementor-gallery-item__overlay\"><\/div>\n\t\t\t\t\t\t\t\t\t\t\t\t\t\t<\/a>\n\t\t\t\t\t\t\t<a class=\"e-gallery-item elementor-gallery-item elementor-animated-content\" href=\"https:\/\/dino-online.lu\/wp-content\/uploads\/2025\/07\/ShowroomDC-94-B-scaled.jpg\" data-elementor-open-lightbox=\"yes\" data-elementor-lightbox-slideshow=\"0c184e1\" data-elementor-lightbox-title=\"ShowroomDC-94 B\" data-e-action-hash=\"#elementor-action%3Aaction%3Dlightbox%26settings%3DeyJpZCI6MzQzNCwidXJsIjoiaHR0cHM6XC9cL2Rpbm8tb25saW5lLmx1XC93cC1jb250ZW50XC91cGxvYWRzXC8yMDI1XC8wN1wvU2hvd3Jvb21EQy05NC1CLXNjYWxlZC5qcGciLCJzbGlkZXNob3ciOiIwYzE4NGUxIn0%3D\">\n\t\t\t\t\t<div class=\"e-gallery-image elementor-gallery-item__image\" data-thumbnail=\"https:\/\/dino-online.lu\/wp-content\/uploads\/2025\/07\/ShowroomDC-94-B-scaled.jpg\" data-width=\"2048\" data-height=\"1366\" aria-label=\"\" role=\"img\" ><\/div>\n\t\t\t\t\t\t\t\t\t\t\t<div class=\"elementor-gallery-item__overlay\"><\/div>\n\t\t\t\t\t\t\t\t\t\t\t\t\t\t<\/a>\n\t\t\t\t\t\t\t<a class=\"e-gallery-item elementor-gallery-item elementor-animated-content\" href=\"https:\/\/dino-online.lu\/wp-content\/uploads\/2025\/07\/ShowroomDC-92-B-scaled.jpg\" data-elementor-open-lightbox=\"yes\" data-elementor-lightbox-slideshow=\"0c184e1\" data-elementor-lightbox-title=\"ShowroomDC-92 B\" data-e-action-hash=\"#elementor-action%3Aaction%3Dlightbox%26settings%3DeyJpZCI6MzQ3OCwidXJsIjoiaHR0cHM6XC9cL2Rpbm8tb25saW5lLmx1XC93cC1jb250ZW50XC91cGxvYWRzXC8yMDI1XC8wN1wvU2hvd3Jvb21EQy05Mi1CLXNjYWxlZC5qcGciLCJzbGlkZXNob3ciOiIwYzE4NGUxIn0%3D\">\n\t\t\t\t\t<div class=\"e-gallery-image elementor-gallery-item__image\" data-thumbnail=\"https:\/\/dino-online.lu\/wp-content\/uploads\/2025\/07\/ShowroomDC-92-B-scaled.jpg\" data-width=\"1707\" data-height=\"2560\" aria-label=\"\" role=\"img\" ><\/div>\n\t\t\t\t\t\t\t\t\t\t\t<div class=\"elementor-gallery-item__overlay\"><\/div>\n\t\t\t\t\t\t\t\t\t\t\t\t\t\t<\/a>\n\t\t\t\t\t<\/div>\n\t\t\t\t\t<\/div>\n\t\t\t\t\t<\/div>\n\t\t\t\t<\/div>\n\t\t<div class=\"elementor-element elementor-element-95aaa34 e-flex e-con-boxed e-con e-parent\" data-id=\"95aaa34\" data-element_type=\"container\" data-e-type=\"container\">\n\t\t\t\t\t<div class=\"e-con-inner\">\n\t\t\t\t<div class=\"elementor-element elementor-element-557b36e elementor-widget elementor-widget-heading\" data-id=\"557b36e\" data-element_type=\"widget\" data-e-type=\"widget\" data-widget_type=\"heading.default\">\n\t\t\t\t\t<h2 class=\"elementor-heading-title elementor-size-default\">Besuchen Sie unsere Ausstellung und lassen Sie sich inspirieren<\/h2>\t\t\t\t<\/div>\n\t\t\t\t<div class=\"elementor-element elementor-element-30324bb elementor-align-center elementor-widget__width-auto elementor-widget elementor-widget-button\" data-id=\"30324bb\" data-element_type=\"widget\" data-e-type=\"widget\" data-widget_type=\"button.default\">\n\t\t\t\t\t\t\t\t\t\t<a class=\"elementor-button elementor-button-link elementor-size-sm\" href=\"mailto:livio@dino-online.lu\">\n\t\t\t\t\t\t<span class=\"elementor-button-content-wrapper\">\n\t\t\t\t\t\t\t\t\t<span class=\"elementor-button-text\">Kontaktieren Sie uns<\/span>\n\t\t\t\t\t<\/span>\n\t\t\t\t\t<\/a>\n\t\t\t\t\t\t\t\t<\/div>\n\t\t\t\t\t<\/div>\n\t\t\t\t<\/div>\n\t\t\t\t<\/div>\n\t\t","protected":false},"excerpt":{"rendered":"<p>Zur\u00fcck Fliesen und Designs f\u00fcr das Badezimmer Hier finden Sie einige tolle Ideen f\u00fcr Fliesen und Einrichtungen. Alle Fotos wurden vor Ort in unserem Ausstellungsraum aufgenommen. Besuchen Sie unsere Ausstellung und lassen Sie sich inspirieren Kontaktieren Sie uns<\/p>\n","protected":false},"author":1,"featured_media":0,"parent":0,"menu_order":0,"comment_status":"closed","ping_status":"closed","template":"","meta":{"footnotes":""},"class_list":["post-4872","page","type-page","status-publish","hentry"],"_links":{"self":[{"href":"https:\/\/dino-online.lu\/de\/wp-json\/wp\/v2\/pages\/4872","targetHints":{"allow":["GET"]}}],"collection":[{"href":"https:\/\/dino-online.lu\/de\/wp-json\/wp\/v2\/pages"}],"about":[{"href":"https:\/\/dino-online.lu\/de\/wp-json\/wp\/v2\/types\/page"}],"author":[{"embeddable":true,"href":"https:\/\/dino-online.lu\/de\/wp-json\/wp\/v2\/users\/1"}],"replies":[{"embeddable":true,"href":"https:\/\/dino-online.lu\/de\/wp-json\/wp\/v2\/comments?post=4872"}],"version-history":[{"count":0,"href":"https:\/\/dino-online.lu\/de\/wp-json\/wp\/v2\/pages\/4872\/revisions"}],"wp:attachment":[{"href":"https:\/\/dino-online.lu\/de\/wp-json\/wp\/v2\/media?parent=4872"}],"curies":[{"name":"wp","href":"https:\/\/api.w.org\/{rel}","templated":true}]}}